{"id":1104,"date":"2019-07-09T21:53:59","date_gmt":"2019-07-09T21:53:59","guid":{"rendered":"https:\/\/campusvirtual.ugc.edu.co\/\/?page_id=1104"},"modified":"2019-08-09T12:29:31","modified_gmt":"2019-08-09T17:29:31","slug":"grupos-e-intereses","status":"publish","type":"page","link":"https:\/\/campusvirtual.ugc.edu.co\/?page_id=1104","title":{"rendered":"Grupos e Intereses"},"content":{"rendered":"[vc_row full_width=&#8221;stretch_row_content&#8221; parallax_style=&#8221;vcpb-vz-jquery&#8221; bg_type=&#8221;image&#8221; bg_image_new=&#8221;1105&#8243; bg_image_repeat=&#8221;no-repeat&#8221; disable_on_mobile_img_parallax=&#8221;off&#8221; el_class=&#8221;section banner&#8221;][vc_column]<div class=\"vcex-spacing hidden-phone\" style=\"height:300px\"><\/div>[vc_row_inner][vc_column_inner width=&#8221;1\/6&#8243;][\/vc_column_inner][vc_column_inner width=&#8221;5\/6&#8243;][vc_column_text]\n<h2 style=\"font-family: strawberryblossom; font-size: 60px;\"><span style=\"color: #ffffff;\">Grupos e Intereses<\/span><\/h2>\n[\/vc_column_text][\/vc_column_inner][\/vc_row_inner][\/vc_column][\/vc_row][vc_row][vc_column][vc_row_inner][vc_column_inner][vc_carousel_parent wdo_slide_loop=&#8221;true&#8221; wdo_auto_play=&#8221;true&#8221; wdo_hover_pause=&#8221;true&#8221; wdo_nav_arrows=&#8221;true&#8221; wdo_arrow_color=&#8221;#00893b&#8221; wdo_nav_dots=&#8221;false&#8221; wdo_slidein_animate=&#8221;no-animation&#8221; wdo_slideout_animate=&#8221;no-animation&#8221;][vc_carousel_child][vc_single_image image=&#8221;940&#8243; img_size=&#8221;medium&#8221; alignment=&#8221;center&#8221; onclick=&#8221;custom_link&#8221; link=&#8221;?page_id=1062&#8243;][\/vc_carousel_child][vc_carousel_child][vc_single_image image=&#8221;943&#8243; img_size=&#8221;medium&#8221; alignment=&#8221;center&#8221; onclick=&#8221;custom_link&#8221; link=&#8221;?page_id=1104&#8243;][\/vc_carousel_child][vc_carousel_child][vc_single_image image=&#8221;944&#8243; img_size=&#8221;medium&#8221; alignment=&#8221;center&#8221; onclick=&#8221;custom_link&#8221; link=&#8221;?page_id=1130&#8243;][\/vc_carousel_child][vc_carousel_child][vc_single_image image=&#8221;942&#8243; img_size=&#8221;medium&#8221; alignment=&#8221;center&#8221; onclick=&#8221;custom_link&#8221; link=&#8221;?page_id=1661&#8243;][\/vc_carousel_child][vc_carousel_child][vc_single_image image=&#8221;945&#8243; img_size=&#8221;medium&#8221; alignment=&#8221;center&#8221; onclick=&#8221;custom_link&#8221; link=&#8221;?page_id=1140&#8243;][\/vc_carousel_child][vc_carousel_child][vc_single_image image=&#8221;941&#8243; img_size=&#8221;medium&#8221; alignment=&#8221;center&#8221; onclick=&#8221;custom_link&#8221; link=&#8221;?page_id=1172&#8243;][\/vc_carousel_child][\/vc_carousel_parent][\/vc_column_inner][\/vc_row_inner][\/vc_column][\/vc_row][vc_row][vc_column][vc_separator color=&#8221;green&#8221; border_width=&#8221;3&#8243;][vc_column_text]\n<h2 style=\"font-family: strawberryblossom; font-size: 50px; text-align: center;\"><span style=\"color: #003300;\">Nuestros Grupos<\/span><\/h2>\n[\/vc_column_text][vc_column_text]\n<p style=\"text-align: justify;\">Con el objetivo de contribuir a la soluci\u00f3n de problem\u00e1ticas que aquejan a la sociedad La Universidad La Gran Colombia cuenta con grupos de investigaci\u00f3n conformados por docentes de la instituci\u00f3n que comparten perspectivas disciplinares o que se orientan a la resoluci\u00f3n de problemas semejantes.<br \/>\nLa instituci\u00f3n cuenta con 16 grupos de investigaci\u00f3n, de los cuales 11 realizan sus actividades en la Sede Bogot\u00e1. Todos los grupos de investigaci\u00f3n son reconocidos en el Sistema Nacional de Ciencia, Tecnolog\u00eda e Innovaci\u00f3n. En este sistema, los grupos son concebidos como conjuntos \u201cde personas que interact\u00faan para investigar y generar productos de conocimiento en uno o varios temas, de acuerdo con un plan de trabajo de corto, mediano o largo plazo, tendiente a la soluci\u00f3n de un problema.\u201d (p.32).<\/p>\n[\/vc_column_text][vc_column_inner width=&#8221;1\/6&#8243;][\/vc_column_inner][\/vc_column][\/vc_row][vc_row full_width=&#8221;stretch_row&#8221; parallax_style=&#8221;vcpb-vz-jquery&#8221; bg_type=&#8221;image&#8221; bg_image_new=&#8221;1114&#8243; bg_image_repeat=&#8221;no-repeat&#8221; bg_img_attach=&#8221;fixed&#8221; disable_on_mobile_img_parallax=&#8221;off&#8221;][vc_column width=&#8221;1\/2&#8243;][vc_tta_accordion color=&#8221;chino&#8221; active_section=&#8221;1&#8243;][vc_tta_section title=&#8221;Facultad de Arquitectura&#8221; tab_id=&#8221;1563812295138-8cc9da62-195d&#8221;][vc_row_inner][vc_column_inner width=&#8221;1\/2&#8243;][vc_column_text]<a href=\"?page_id=1119\"><span style=\"color: #ffffff;\">Dise\u00f1o y Gesti\u00f3n del H\u00e1bitat Territorial<br \/>\nL\u00edder: Andrea Bibiana Reyes Guarnizo<br \/>\nandrea.reyes@ugc.edu.co<br \/>\n<\/span><\/a><\/p>\n<p><a href=\"https:\/\/campusvirtual.ugc.edu.co\/?page_id=1119\"><span style=\"color: #ffffff;\"><u>Ver perfil <\/u><\/span><\/a>[\/vc_column_text][\/vc_column_inner][vc_column_inner width=&#8221;1\/2&#8243;][vc_empty_space height=&#8221;20px&#8221;][vc_single_image image=&#8221;956&#8243; onclick=&#8221;custom_link&#8221; link=&#8221;?page_id=1119&#8243;][\/vc_column_inner][\/vc_row_inner][vc_row_inner][vc_column_inner width=&#8221;1\/2&#8243;][vc_column_text]<span style=\"color: #ffffff;\"><a style=\"color: #ffffff;\" href=\"?page_id=1619\">H\u00e1bitat Tecnol\u00f3gico y Construcci\u00f3n<\/a><\/span><\/p>\n<p><span style=\"color: #ffffff;\">L\u00edder: Jos\u00e9 Alcides Ruiz Hern\u00e1ndez<\/span><\/p>\n<p><span style=\"color: #ffffff;\">Josealcides.ruiz@ugc.edu.co<\/span><\/p>\n<p>&nbsp;<\/p>\n<p><a href=\"?page_id=1619\"><span style=\"color: #ffffff;\"><u><span style=\"color: #ffffff;\">Ver perfil<\/span> <\/u><\/span><\/a>[\/vc_column_text][\/vc_column_inner][vc_column_inner width=&#8221;1\/2&#8243;][vc_empty_space height=&#8221;20px&#8221;][vc_single_image image=&#8221;956&#8243; onclick=&#8221;custom_link&#8221; link=&#8221;?page_id=1619&#8243;][\/vc_column_inner][\/vc_row_inner][\/vc_tta_section][vc_tta_section title=&#8221;Facultad de Ciencias Empresariales&#8221; tab_id=&#8221;1563812295866-a8f8afa7-bcff&#8221;][vc_row_inner][vc_column_inner width=&#8221;1\/2&#8243;][vc_column_text]\n<p><span style=\"color: #ffffff;\"><a style=\"color: #ffffff;\" href=\"?page_id=1623\">Desarrollo Econ\u00f3mico y Calidad de Vida<br \/>\nL\u00edder: Manuel Alejandro Torres Ortiz<br \/>\nmanuel.torres@ugc.edu.co<br \/>\n<\/a><\/span><\/p>\n<p><a href=\"?page_id=1623\"><span style=\"color: #ffffff;\"><u><span style=\"color: #ffffff;\">Ver perfil<\/span> <\/u><\/span><\/a><\/p>\n[\/vc_column_text][\/vc_column_inner][vc_column_inner width=&#8221;1\/2&#8243;][vc_empty_space height=&#8221;20px&#8221;][vc_single_image image=&#8221;956&#8243; onclick=&#8221;custom_link&#8221; link=&#8221;?page_id=1623&#8243;][\/vc_column_inner][\/vc_row_inner][vc_row_inner][vc_column_inner width=&#8221;1\/2&#8243;][vc_column_text]<span style=\"color: #ffffff;\"><a style=\"color: #ffffff;\" href=\"?page_id=1625\">Estudios Interdisciplinares en Contabilidad<\/a><\/span><\/p>\n<p><span style=\"color: #ffffff;\">L\u00edder: Fabi\u00e1n Alberto Castiblanco Ruiz<\/span><\/p>\n<p><span style=\"color: #ffffff;\">fabianalberto.castiblanco@ugc.edu.co<\/span><\/p>\n<p>&nbsp;<\/p>\n<p><span style=\"color: #ffffff;\"><a style=\"color: #ffffff;\" href=\"?page_id=1625\"><u>Ver perfil <\/u><\/a><\/span>[\/vc_column_text][\/vc_column_inner][vc_column_inner width=&#8221;1\/2&#8243;][vc_empty_space height=&#8221;20px&#8221;][vc_single_image image=&#8221;956&#8243; onclick=&#8221;custom_link&#8221; link=&#8221;https:\/\/campusvirtual.ugc.edu.co\/\/grupo-de-investigacion-1\/&#8221;][\/vc_column_inner][\/vc_row_inner][vc_row_inner][vc_column_inner width=&#8221;1\/2&#8243;][vc_column_text]<span style=\"color: #ffffff;\"><a style=\"color: #ffffff;\" href=\"https:\/\/campusvirtual.ugc.edu.co\/\/grupo-de-investigacion-1\/\">Tendencias Contables Contempor\u00e1neas: Control, Gesti\u00f3n y Gobernabilidad<\/a><\/span><\/p>\n<p><span style=\"color: #ffffff;\">L\u00edder: Luis Eduardo Rengifo Ariza<\/span><\/p>\n<p><span style=\"color: #ffffff;\">luis.rengifo@ugc.edu.co<\/span><\/p>\n<p>&nbsp;<\/p>\n<p><span style=\"color: #ffffff;\"><a style=\"color: #ffffff;\" href=\"#\"><u>Ver perfil <\/u><\/a><\/span>[\/vc_column_text][\/vc_column_inner][vc_column_inner width=&#8221;1\/2&#8243;][vc_empty_space height=&#8221;20px&#8221;][vc_single_image image=&#8221;956&#8243; onclick=&#8221;custom_link&#8221; link=&#8221;https:\/\/campusvirtual.ugc.edu.co\/\/grupo-de-investigacion-1\/&#8221;][\/vc_column_inner][\/vc_row_inner][\/vc_tta_section][vc_tta_section title=&#8221;Facultad de Ingenier\u00eda Civil&#8221; tab_id=&#8221;1563814138422-5d67136e-eac1&#8243;][vc_row_inner][vc_column_inner width=&#8221;1\/2&#8243;][vc_column_text]<span style=\"color: #ffffff;\"><a style=\"color: #ffffff;\" href=\"https:\/\/campusvirtual.ugc.edu.co\/\/grupo-de-investigacion-1\/\">Desarrollos de Ingenier\u00eda Civil en y para \u00c1mbitos Urbanos<\/a><\/span><\/p>\n<p>L\u00edder: Luis Eduardo Rengifo Ariza<\/p>\n<p>mario.torres@ugc.edu.co<\/p>\n<p>&nbsp;<\/p>\n<p><a href=\"#\"><span style=\"color: #ffffff;\"><u><span style=\"color: #ffffff;\">Ver perfil<\/span> <\/u><\/span><\/a>[\/vc_column_text][\/vc_column_inner][vc_column_inner width=&#8221;1\/2&#8243;][vc_empty_space height=&#8221;20px&#8221;][vc_single_image image=&#8221;956&#8243; onclick=&#8221;custom_link&#8221; link=&#8221;https:\/\/campusvirtual.ugc.edu.co\/\/grupo-de-investigacion-1\/&#8221;][\/vc_column_inner][\/vc_row_inner][\/vc_tta_section][\/vc_tta_accordion][\/vc_column][vc_column width=&#8221;1\/2&#8243;][vc_tta_accordion color=&#8221;chino&#8221; active_section=&#8221;1&#8243;][vc_tta_section title=&#8221;Facultad de Ciencias de la Educaci\u00f3n&#8221; tab_id=&#8221;1563812215108-097ca47a-f154&#8243;][vc_row_inner][vc_column_inner width=&#8221;1\/2&#8243;][vc_column_text]<span style=\"color: #ffffff;\"><a style=\"color: #ffffff;\" href=\"?page_id=1621\">Educaci\u00f3n y Pedagog\u00eda<\/a><\/span><\/p>\n<p><span style=\"color: #ffffff;\">L\u00edder: Juliana del Pilar Santamar\u00eda Vargas<\/span><\/p>\n<p><span style=\"color: #ffffff;\">juliana.santamaria@ugc.edu.co<\/span><\/p>\n<p><a href=\"?page_id=1621\"><span style=\"color: #ffffff;\"><u><span style=\"color: #ffffff;\">Ver perfil<\/span> <\/u><\/span><\/a>[\/vc_column_text][\/vc_column_inner][vc_column_inner width=&#8221;1\/2&#8243;][vc_empty_space height=&#8221;20px&#8221;][vc_single_image image=&#8221;956&#8243; onclick=&#8221;custom_link&#8221; link=&#8221;https:\/\/campusvirtual.ugc.edu.co\/\/grupo-de-investigacion-1\/&#8221;][\/vc_column_inner][\/vc_row_inner][vc_row_inner][vc_column_inner width=&#8221;1\/2&#8243;][vc_column_text]<span style=\"color: #ffffff;\"><a style=\"color: #ffffff;\" href=\"https:\/\/campusvirtual.ugc.edu.co\/\/grupo-de-investigacion-1\/\">Educaci\u00f3n de Vanguardia<br \/>\nL\u00edder: Nurlian Torrejano<\/a><\/span><\/p>\n<p><a href=\"#\"><span style=\"color: #ffffff;\"><u><span style=\"color: #ffffff;\">Ver perfil <\/span> <\/u><\/span><\/a>[\/vc_column_text][\/vc_column_inner][vc_column_inner width=&#8221;1\/2&#8243;][vc_empty_space height=&#8221;20px&#8221;][vc_single_image image=&#8221;956&#8243; onclick=&#8221;custom_link&#8221; link=&#8221;https:\/\/campusvirtual.ugc.edu.co\/\/grupo-de-investigacion-1\/&#8221;][\/vc_column_inner][\/vc_row_inner][\/vc_tta_section][vc_tta_section title=&#8221;Facultad de Derecho, Ciencias Pol\u00edticas y Sociales&#8221; tab_id=&#8221;1563812215178-b39bf183-9605&#8243;][vc_row_inner][vc_column_inner width=&#8221;1\/2&#8243;][vc_column_text]<span style=\"color: #ffffff;\"><a style=\"color: #ffffff;\" href=\"https:\/\/campusvirtual.ugc.edu.co\/\/grupo-de-investigacion-1\/\">Teor\u00eda del Derecho, de la Justicia y de la Pol\u00edtica<br \/>\nL\u00edder: Mario Iv\u00e1n Urue\u00f1a S\u00e1nchez<br \/>\nmario.uruena@ugc.edu.co<\/a><\/span><\/p>\n<p>&nbsp;<\/p>\n<p><a href=\"#\"><span style=\"color: #ffffff;\"><u><span style=\"color: #ffffff;\">Ver perfil<\/span> <\/u><\/span><\/a>[\/vc_column_text][\/vc_column_inner][vc_column_inner width=&#8221;1\/2&#8243;][vc_empty_space height=&#8221;20px&#8221;][vc_single_image image=&#8221;956&#8243; onclick=&#8221;custom_link&#8221; link=&#8221;https:\/\/campusvirtual.ugc.edu.co\/\/grupo-de-investigacion-1\/&#8221;][\/vc_column_inner][\/vc_row_inner][vc_row_inner][vc_column_inner width=&#8221;1\/2&#8243;][vc_column_text]<span style=\"color: #ffffff;\"><a style=\"color: #ffffff;\" href=\"https:\/\/campusvirtual.ugc.edu.co\/\/grupo-de-investigacion-1\/\">Derecho penal <\/a><\/span><\/p>\n<p><span style=\"color: #ffffff;\">L\u00edder: Henry Torres<\/span><\/p>\n<p><span style=\"color: #ffffff;\">Henry.torres@ugc.edu.co<\/span><\/p>\n<p>&nbsp;<\/p>\n<p><span style=\"color: #ffffff;\"><a style=\"color: #ffffff;\" href=\"#\"><u>Ver perfil <\/u><\/a><\/span>[\/vc_column_text][\/vc_column_inner][vc_column_inner width=&#8221;1\/2&#8243;][vc_empty_space height=&#8221;20px&#8221;][vc_single_image image=&#8221;956&#8243; onclick=&#8221;custom_link&#8221; link=&#8221;https:\/\/campusvirtual.ugc.edu.co\/\/grupo-de-investigacion-1\/&#8221;][\/vc_column_inner][\/vc_row_inner][vc_row_inner][vc_column_inner width=&#8221;1\/2&#8243;][vc_column_text]<span style=\"color: #ffffff;\"><a style=\"color: #ffffff;\" href=\"https:\/\/campusvirtual.ugc.edu.co\/\/grupo-de-investigacion-1\/\">Derecho constitucional, Reforma de la administraci\u00f3n de justicia y bloques de constitucionalidad<\/a><\/span><\/p>\n<p><span style=\"color: #ffffff;\">L\u00edder: Luis Eduardo Rengifo Ariza<\/span><\/p>\n<p><span style=\"color: #ffffff;\">jorge.carvajal@ugc.edu.co<\/span><\/p>\n<p><span style=\"color: #ffffff;\"><a style=\"color: #ffffff;\" href=\"#\"><u>Ver perfil <\/u><\/a><\/span>[\/vc_column_text][\/vc_column_inner][vc_column_inner width=&#8221;1\/2&#8243;][vc_empty_space height=&#8221;20px&#8221;][vc_single_image image=&#8221;956&#8243; onclick=&#8221;custom_link&#8221; link=&#8221;https:\/\/campusvirtual.ugc.edu.co\/\/grupo-de-investigacion-1\/&#8221;][\/vc_column_inner][\/vc_row_inner][\/vc_tta_section][\/vc_tta_accordion][\/vc_column][\/vc_row][vc_row][vc_column][vc_column_text]\n<h2 style=\"font-family: strawberryblossom; font-size: 50px; text-align: center;\"><span style=\"color: #003300;\">Nuestros Intereses<\/span><\/h2>\n[\/vc_column_text][vc_separator color=&#8221;green&#8221; border_width=&#8221;2&#8243;][vc_column_text]\n<p style=\"text-align: center;\">Presentaci\u00f3n de tradiciones de investigaci\u00f3n de la UGC (l\u00edneas de investigaci\u00f3n, temas de inter\u00e9s, etc.<\/p>\n[\/vc_column_text][vc_empty_space][vc_btn title=&#8221;Ver m\u00e1s&#8221; shape=&#8221;square&#8221; color=&#8221;green&#8221; align=&#8221;center&#8221; link=&#8221;url:https%3A%2F%2Fcampusvirtual.ugc.edu.co%2Fgrupos-e-intereses%2F|title:Grupos%20e%20Intereses||&#8221;][\/vc_column][\/vc_row]\n","protected":false},"excerpt":{"rendered":"<p>[vc_row full_width=&#8221;stretch_row_content&#8221; parallax_style=&#8221;vcpb-vz-jquery&#8221; bg_type=&#8221;image&#8221; bg_image_new=&#8221;1105&#8243; bg_image_repeat=&#8221;no-repeat&#8221; disable_on_mobile_img_parallax=&#8221;off&#8221; el_class=&#8221;section banner&#8221;][vc_column][vc_row_inner][vc_column_inner width=&#8221;1\/6&#8243;][\/vc_column_inner][vc_column_inner width=&#8221;5\/6&#8243;][vc_column_text] Grupos e Intereses [\/vc_column_text][\/vc_column_inner][\/vc_row_inner][\/vc_column][\/vc_row][vc_row][vc_column][vc_row_inner][vc_column_inner][vc_carousel_parent wdo_slide_loop=&#8221;true&#8221; wdo_auto_play=&#8221;true&#8221; wdo_hover_pause=&#8221;true&#8221; wdo_nav_arrows=&#8221;true&#8221; wdo_arrow_color=&#8221;#00893b&#8221; wdo_nav_dots=&#8221;false&#8221; wdo_slidein_animate=&#8221;no-animation&#8221; wdo_slideout_animate=&#8221;no-animation&#8221;][vc_carousel_child][vc_single_image image=&#8221;940&#8243; img_size=&#8221;medium&#8221; alignment=&#8221;center&#8221; onclick=&#8221;custom_link&#8221; link=&#8221;?page_id=1062&#8243;][\/vc_carousel_child][vc_carousel_child][vc_single_image image=&#8221;943&#8243; img_size=&#8221;medium&#8221; alignment=&#8221;center&#8221; onclick=&#8221;custom_link&#8221; link=&#8221;?page_id=1104&#8243;][\/vc_carousel_child][vc_carousel_child][vc_single_image image=&#8221;944&#8243; img_size=&#8221;medium&#8221; alignment=&#8221;center&#8221; onclick=&#8221;custom_link&#8221; link=&#8221;?page_id=1130&#8243;][\/vc_carousel_child][vc_carousel_child][vc_single_image image=&#8221;942&#8243; img_size=&#8221;medium&#8221;&hellip;<\/p>\n","protected":false},"author":1,"featured_media":0,"parent":0,"menu_order":0,"comment_status":"closed","ping_status":"closed","template":"","meta":[],"_links":{"self":[{"href":"https:\/\/campusvirtual.ugc.edu.co\/index.php?rest_route=\/wp\/v2\/pages\/1104"}],"collection":[{"href":"https:\/\/campusvirtual.ugc.edu.co\/index.php?rest_route=\/wp\/v2\/pages"}],"about":[{"href":"https:\/\/campusvirtual.ugc.edu.co\/index.php?rest_route=\/wp\/v2\/types\/page"}],"author":[{"embeddable":true,"href":"https:\/\/campusvirtual.ugc.edu.co\/index.php?rest_route=\/wp\/v2\/users\/1"}],"replies":[{"embeddable":true,"href":"https:\/\/campusvirtual.ugc.edu.co\/index.php?rest_route=%2Fwp%2Fv2%2Fcomments&post=1104"}],"version-history":[{"count":32,"href":"https:\/\/campusvirtual.ugc.edu.co\/index.php?rest_route=\/wp\/v2\/pages\/1104\/revisions"}],"predecessor-version":[{"id":1107,"href":"https:\/\/campusvirtual.ugc.edu.co\/index.php?rest_route=\/wp\/v2\/pages\/1104\/revisions\/1107"}],"wp:attachment":[{"href":"https:\/\/campusvirtual.ugc.edu.co\/index.php?rest_route=%2Fwp%2Fv2%2Fmedia&parent=1104"}],"curies":[{"name":"wp","href":"https:\/\/api.w.org\/{rel}","templated":true}]}}