{"id":1119,"date":"2019-07-10T13:51:52","date_gmt":"2019-07-10T13:51:52","guid":{"rendered":"https:\/\/campusvirtual.ugc.edu.co\/\/?page_id=1119"},"modified":"2019-08-09T10:29:12","modified_gmt":"2019-08-09T15:29:12","slug":"facultad-de-arquitectura-diseno-y-gestion-del-habitat-territorial","status":"publish","type":"page","link":"https:\/\/campusvirtual.ugc.edu.co\/?page_id=1119","title":{"rendered":"Facultad de Arquitectura-Dise\u00f1o y Gesti\u00f3n del H\u00e1bitat Territorial"},"content":{"rendered":"[vc_row full_width=&#8221;stretch_row_content&#8221; parallax_style=&#8221;vcpb-vz-jquery&#8221; bg_type=&#8221;image&#8221; bg_image_new=&#8221;1105&#8243; bg_image_repeat=&#8221;no-repeat&#8221; disable_on_mobile_img_parallax=&#8221;off&#8221; el_class=&#8221;section banner&#8221;][vc_column]<div class=\"vcex-spacing visible-phone\" style=\"height:300px\"><\/div>[vc_row_inner][vc_column_inner width=&#8221;1\/6&#8243;][\/vc_column_inner][vc_column_inner width=&#8221;5\/6&#8243;][vc_column_text]\n<h2 style=\"font-family: strawberryblossom; font-size: 60px;\"><span style=\"color: #ffffff;\">Grupos y Conocimiento<\/span><\/h2>\n[\/vc_column_text][vc_empty_space height=&#8221;30px&#8221;][\/vc_column_inner][\/vc_row_inner][\/vc_column][\/vc_row][vc_row][vc_column][vc_row_inner][vc_column_inner][vc_carousel_parent wdo_slides_on_mob=&#8221;1&#8243; wdo_slide_loop=&#8221;true&#8221; wdo_auto_play=&#8221;true&#8221; wdo_hover_pause=&#8221;true&#8221; wdo_nav_arrows=&#8221;true&#8221; wdo_arrow_color=&#8221;#00893b&#8221; wdo_nav_dots=&#8221;false&#8221; wdo_slidein_animate=&#8221;no-animation&#8221; wdo_slideout_animate=&#8221;no-animation&#8221;][vc_carousel_child][vc_single_image image=&#8221;940&#8243; img_size=&#8221;medium&#8221;][\/vc_carousel_child][vc_carousel_child][vc_single_image image=&#8221;943&#8243; img_size=&#8221;medium&#8221;][\/vc_carousel_child][vc_carousel_child][vc_single_image image=&#8221;944&#8243; img_size=&#8221;medium&#8221;][\/vc_carousel_child][vc_carousel_child][vc_single_image image=&#8221;942&#8243; img_size=&#8221;medium&#8221;][\/vc_carousel_child][vc_carousel_child][vc_single_image image=&#8221;945&#8243; img_size=&#8221;medium&#8221;][\/vc_carousel_child][vc_carousel_child][vc_single_image image=&#8221;941&#8243; img_size=&#8221;medium&#8221;][\/vc_carousel_child][\/vc_carousel_parent][\/vc_column_inner][\/vc_row_inner][\/vc_column][\/vc_row][vc_row][vc_column][vc_column_text]\n<h2 style=\"font-family: strawberryblossom; font-size: 70px; text-align: center;\"><span style=\"color: #003300;\">Facultad de Arquitectura<\/span><\/h2>\n[\/vc_column_text][vc_column_text]\n<h3 style=\"text-align: center;\">Dise\u00f1o y Gesti\u00f3n del H\u00e1bitat Territorial<\/h3>\n[\/vc_column_text][vc_column_text]\n<p style=\"text-align: justify;\">El grupo de dise\u00f1o y gesti\u00f3n del h\u00e1bitat territorial se enfoca en la investigaci\u00f3n de los procesos, los productos y la forma en que las personas viven y coexisten en territorios y escenarios espec\u00edficos desde la base conceptual del h\u00e1bitat, con el objeto de mejorar nuestro conocimiento sobre fen\u00f3menos de relevancia contempor\u00e1nea y aportar a la generaci\u00f3n de un Desarrollo Sostenible con miras al mejoramiento de la calidad de vida del ser humano, adem\u00e1s de proveer herramientas para optimizar resultados y respuestas requeridas por la sociedad actual.<\/p>\n[\/vc_column_text][\/vc_column][\/vc_row][vc_row full_width=&#8221;stretch_row&#8221;][vc_column width=&#8221;1\/3&#8243;][vc_single_image image=&#8221;1121&#8243;][vc_empty_space][\/vc_column][vc_column width=&#8221;1\/3&#8243;][vc_column_text]\n<h3><span style=\"color: #003300;\"><strong>\u00c1reas de inter\u00e9s<\/strong><\/span><\/h3>\n[\/vc_column_text][vc_column_text]\n<ul>\n<li style=\"list-style-type: none;\">\n<ul>\n<li>Dise\u00f1o del territorio<\/li>\n<li>Planeaci\u00f3n sustentable<\/li>\n<li>Urbanismo<\/li>\n<li>Gesti\u00f3n arquitect\u00f3nica<\/li>\n<li>Paisajismo<\/li>\n<li>Conservaci\u00f3n y restauraci\u00f3n del patrimonio<\/li>\n<\/ul>\n<\/li>\n<\/ul>\n[\/vc_column_text][\/vc_column][\/vc_row][vc_row full_width=&#8221;stretch_row&#8221; parallax_style=&#8221;vcpb-vz-jquery&#8221; bg_type=&#8221;image&#8221; bg_image_new=&#8221;1114&#8243; bg_image_repeat=&#8221;no-repeat&#8221; bg_img_attach=&#8221;fixed&#8221; disable_on_mobile_img_parallax=&#8221;off&#8221;][vc_column width=&#8221;1\/2&#8243;][vc_row_inner][vc_column_inner width=&#8221;1\/2&#8243;][vc_column_text]\n<h3><span style=\"color: #fff;\"><strong>Andrea Bibiana Reyes Guarnizo<\/strong><\/span><\/h3>\n[\/vc_column_text][vc_column_text]<span style=\"color: #ffffff;\">Texto descriptivo investigador&#8230;<\/span>[\/vc_column_text][\/vc_column_inner][vc_column_inner width=&#8221;1\/2&#8243;][vc_empty_space height=&#8221;20px&#8221;][vc_single_image image=&#8221;1121&#8243;][\/vc_column_inner][\/vc_row_inner][vc_row_inner][vc_column_inner width=&#8221;1\/2&#8243;][vc_column_text]\n<h3><span style=\"color: #fff;\"><strong>Andr\u00e9s Cuesta Bele\u00f1o<\/strong><\/span><\/h3>\n[\/vc_column_text][vc_column_text]<span style=\"color: #ffffff;\">Texto descriptivo investigador&#8230;<\/span>[\/vc_column_text][\/vc_column_inner][vc_column_inner width=&#8221;1\/2&#8243;][vc_empty_space height=&#8221;20px&#8221;][vc_single_image image=&#8221;1121&#8243;][\/vc_column_inner][\/vc_row_inner][vc_row_inner][vc_column_inner width=&#8221;1\/2&#8243;][vc_column_text]\n<h3><span style=\"color: #fff;\"><strong>Fabi\u00e1n Alonso Sarmiento Vald\u00e9s<\/strong><\/span><\/h3>\n[\/vc_column_text][vc_column_text]<span style=\"color: #ffffff;\">Texto descriptivo investigador&#8230;<\/span>[\/vc_column_text][\/vc_column_inner][vc_column_inner width=&#8221;1\/2&#8243;][vc_empty_space height=&#8221;20px&#8221;][vc_single_image image=&#8221;1121&#8243;][\/vc_column_inner][\/vc_row_inner][vc_row_inner][vc_column_inner width=&#8221;1\/2&#8243;][vc_column_text]\n<h3><span style=\"color: #fff;\"><strong>Jos\u00e9 Reinaldo Tibaduiza Cordero<\/strong><\/span><\/h3>\n[\/vc_column_text][vc_column_text]<span style=\"color: #ffffff;\">Texto descriptivo investigador&#8230;<\/span>[\/vc_column_text][\/vc_column_inner][vc_column_inner width=&#8221;1\/2&#8243;][vc_empty_space height=&#8221;20px&#8221;][vc_single_image image=&#8221;1121&#8243;][\/vc_column_inner][\/vc_row_inner][vc_row_inner][vc_column_inner width=&#8221;1\/2&#8243;][vc_column_text]\n<h3><span style=\"color: #fff;\"><strong>Luz Priscila Camargo Serrano<\/strong><\/span><\/h3>\n[\/vc_column_text][vc_column_text]<span style=\"color: #ffffff;\">Texto descriptivo investigador&#8230;<\/span>[\/vc_column_text][\/vc_column_inner][vc_column_inner width=&#8221;1\/2&#8243;][vc_empty_space height=&#8221;20px&#8221;][vc_single_image image=&#8221;1121&#8243;][\/vc_column_inner][\/vc_row_inner][\/vc_column][vc_column width=&#8221;1\/2&#8243;][vc_row_inner][vc_column_inner width=&#8221;1\/2&#8243;][vc_column_text]\n<h3><span style=\"color: #fff;\"><strong>Alonso Guti\u00e9rrez Aristiz\u00e1bal<\/strong><\/span><\/h3>\n[\/vc_column_text][vc_column_text]<span style=\"color: #ffffff;\">Texto descriptivo investigador&#8230;<\/span>[\/vc_column_text][\/vc_column_inner][vc_column_inner width=&#8221;1\/2&#8243;][vc_empty_space height=&#8221;20px&#8221;][vc_single_image image=&#8221;1121&#8243;][\/vc_column_inner][\/vc_row_inner][vc_row_inner][vc_column_inner width=&#8221;1\/2&#8243;][vc_column_text]\n<h3><span style=\"color: #fff;\"><strong>Edgar Eduardo Roa Castillo<\/strong><\/span><\/h3>\n[\/vc_column_text][vc_column_text]<span style=\"color: #ffffff;\">Texto descriptivo investigador&#8230;<\/span>[\/vc_column_text][\/vc_column_inner][vc_column_inner width=&#8221;1\/2&#8243;][vc_empty_space height=&#8221;20px&#8221;][vc_single_image image=&#8221;1121&#8243;][\/vc_column_inner][\/vc_row_inner][vc_row_inner][vc_column_inner width=&#8221;1\/2&#8243;][vc_column_text]\n<h3><span style=\"color: #fff;\"><strong>Francisco Beltr\u00e1n Rapalino<\/strong><\/span><\/h3>\n[\/vc_column_text][vc_column_text]<span style=\"color: #ffffff;\">Texto descriptivo investigador&#8230;<\/span>[\/vc_column_text][\/vc_column_inner][vc_column_inner width=&#8221;1\/2&#8243;][vc_empty_space height=&#8221;20px&#8221;][vc_single_image image=&#8221;1121&#8243;][\/vc_column_inner][\/vc_row_inner][vc_row_inner][vc_column_inner width=&#8221;1\/2&#8243;][vc_column_text]\n<h3><span style=\"color: #fff;\"><strong>Juan Carlos Wilches Rozo<\/strong><\/span><\/h3>\n[\/vc_column_text][vc_column_text]<span style=\"color: #ffffff;\">Texto descriptivo investigador&#8230;<\/span>[\/vc_column_text][\/vc_column_inner][vc_column_inner width=&#8221;1\/2&#8243;][vc_empty_space height=&#8221;20px&#8221;][vc_single_image image=&#8221;1121&#8243;][\/vc_column_inner][\/vc_row_inner][vc_row_inner][vc_column_inner width=&#8221;1\/2&#8243;][vc_column_text]\n<h3><span style=\"color: #fff;\"><strong>Mauricio Betancourt Garc\u00eda<\/strong><\/span><\/h3>\n[\/vc_column_text][vc_column_text]<span style=\"color: #ffffff;\">Texto descriptivo investigador&#8230;<\/span>[\/vc_column_text][\/vc_column_inner][vc_column_inner width=&#8221;1\/2&#8243;][vc_empty_space height=&#8221;20px&#8221;][vc_single_image image=&#8221;1121&#8243;][\/vc_column_inner][\/vc_row_inner][\/vc_column][\/vc_row][vc_row][vc_column][vc_column_text]\n<h2 style=\"font-family: strawberryblossom; font-size: 50px; text-align: center;\"><span style=\"color: #003300;\">Nuestros Intereses<\/span><\/h2>\n[\/vc_column_text][vc_separator color=&#8221;green&#8221; border_width=&#8221;2&#8243;][vc_column_text]\n<p style=\"text-align: center;\">Presentaci\u00f3n de tradiciones de investigaci\u00f3n de la UGC (l\u00edneas de investigaci\u00f3n, temas de inter\u00e9s, etc.<\/p>\n[\/vc_column_text][vc_empty_space][vc_btn title=&#8221;Ver m\u00e1s&#8221; shape=&#8221;square&#8221; color=&#8221;green&#8221; align=&#8221;center&#8221; link=&#8221;url:https%3A%2F%2Fcampusvirtual.ugc.edu.co%2Fgrupos-e-intereses%2F|title:Grupos%20e%20Intereses||&#8221;][\/vc_column][\/vc_row]\n","protected":false},"excerpt":{"rendered":"<p>[vc_row full_width=&#8221;stretch_row_content&#8221; parallax_style=&#8221;vcpb-vz-jquery&#8221; bg_type=&#8221;image&#8221; bg_image_new=&#8221;1105&#8243; bg_image_repeat=&#8221;no-repeat&#8221; disable_on_mobile_img_parallax=&#8221;off&#8221; el_class=&#8221;section banner&#8221;][vc_column][vc_row_inner][vc_column_inner width=&#8221;1\/6&#8243;][\/vc_column_inner][vc_column_inner width=&#8221;5\/6&#8243;][vc_column_text] Grupos y Conocimiento [\/vc_column_text][vc_empty_space height=&#8221;30px&#8221;][\/vc_column_inner][\/vc_row_inner][\/vc_column][\/vc_row][vc_row][vc_column][vc_row_inner][vc_column_inner][vc_carousel_parent wdo_slides_on_mob=&#8221;1&#8243; wdo_slide_loop=&#8221;true&#8221; wdo_auto_play=&#8221;true&#8221; wdo_hover_pause=&#8221;true&#8221; wdo_nav_arrows=&#8221;true&#8221; wdo_arrow_color=&#8221;#00893b&#8221; wdo_nav_dots=&#8221;false&#8221; wdo_slidein_animate=&#8221;no-animation&#8221; wdo_slideout_animate=&#8221;no-animation&#8221;][vc_carousel_child][vc_single_image image=&#8221;940&#8243; img_size=&#8221;medium&#8221;][\/vc_carousel_child][vc_carousel_child][vc_single_image image=&#8221;943&#8243; img_size=&#8221;medium&#8221;][\/vc_carousel_child][vc_carousel_child][vc_single_image image=&#8221;944&#8243; img_size=&#8221;medium&#8221;][\/vc_carousel_child][vc_carousel_child][vc_single_image image=&#8221;942&#8243; img_size=&#8221;medium&#8221;][\/vc_carousel_child][vc_carousel_child][vc_single_image image=&#8221;945&#8243; img_size=&#8221;medium&#8221;][\/vc_carousel_child][vc_carousel_child][vc_single_image image=&#8221;941&#8243; img_size=&#8221;medium&#8221;][\/vc_carousel_child][\/vc_carousel_parent][\/vc_column_inner][\/vc_row_inner][\/vc_column][\/vc_row][vc_row][vc_column][vc_column_text] Facultad de Arquitectura&hellip;<\/p>\n","protected":false},"author":1,"featured_media":0,"parent":0,"menu_order":0,"comment_status":"closed","ping_status":"closed","template":"","meta":[],"_links":{"self":[{"href":"https:\/\/campusvirtual.ugc.edu.co\/index.php?rest_route=\/wp\/v2\/pages\/1119"}],"collection":[{"href":"https:\/\/campusvirtual.ugc.edu.co\/index.php?rest_route=\/wp\/v2\/pages"}],"about":[{"href":"https:\/\/campusvirtual.ugc.edu.co\/index.php?rest_route=\/wp\/v2\/types\/page"}],"author":[{"embeddable":true,"href":"https:\/\/campusvirtual.ugc.edu.co\/index.php?rest_route=\/wp\/v2\/users\/1"}],"replies":[{"embeddable":true,"href":"https:\/\/campusvirtual.ugc.edu.co\/index.php?rest_route=%2Fwp%2Fv2%2Fcomments&post=1119"}],"version-history":[{"count":12,"href":"https:\/\/campusvirtual.ugc.edu.co\/index.php?rest_route=\/wp\/v2\/pages\/1119\/revisions"}],"predecessor-version":[{"id":1122,"href":"https:\/\/campusvirtual.ugc.edu.co\/index.php?rest_route=\/wp\/v2\/pages\/1119\/revisions\/1122"}],"wp:attachment":[{"href":"https:\/\/campusvirtual.ugc.edu.co\/index.php?rest_route=%2Fwp%2Fv2%2Fmedia&parent=1119"}],"curies":[{"name":"wp","href":"https:\/\/api.w.org\/{rel}","templated":true}]}}