{"id":1130,"date":"2019-07-10T15:05:30","date_gmt":"2019-07-10T15:05:30","guid":{"rendered":"https:\/\/campusvirtual.ugc.edu.co\/\/?page_id=1130"},"modified":"2019-08-13T14:37:45","modified_gmt":"2019-08-13T19:37:45","slug":"semilleros-ugc","status":"publish","type":"page","link":"https:\/\/campusvirtual.ugc.edu.co\/?page_id=1130","title":{"rendered":"Semilleros UGC"},"content":{"rendered":"[vc_row full_width=&#8221;stretch_row_content&#8221; parallax_style=&#8221;vcpb-vz-jquery&#8221; bg_type=&#8221;image&#8221; bg_image_new=&#8221;1105&#8243; bg_image_repeat=&#8221;no-repeat&#8221; disable_on_mobile_img_parallax=&#8221;off&#8221; el_class=&#8221;section banner&#8221;][vc_column]<div class=\"vcex-spacing hidden-phone\" style=\"height:310px\"><\/div>[vc_row_inner][vc_column_inner width=&#8221;1\/6&#8243;][\/vc_column_inner][vc_column_inner width=&#8221;5\/6&#8243;][vc_column_text]\n<h2 style=\"font-family: strawberryblossom; font-size: 60px;\"><span style=\"color: #ffffff;\">Semilleros UGC<\/span><\/h2>\n[\/vc_column_text][vc_empty_space height=&#8221;30px&#8221;][\/vc_column_inner][\/vc_row_inner][\/vc_column][\/vc_row][vc_row][vc_column][vc_row_inner][vc_column_inner][vc_carousel_parent wdo_slide_loop=&#8221;true&#8221; wdo_auto_play=&#8221;true&#8221; wdo_hover_pause=&#8221;true&#8221; wdo_nav_arrows=&#8221;true&#8221; wdo_arrow_color=&#8221;#00893b&#8221; wdo_nav_dots=&#8221;false&#8221; wdo_slidein_animate=&#8221;no-animation&#8221; wdo_slideout_animate=&#8221;no-animation&#8221;][vc_carousel_child][vc_single_image image=&#8221;940&#8243; img_size=&#8221;medium&#8221; alignment=&#8221;center&#8221; onclick=&#8221;custom_link&#8221; link=&#8221;https:\/\/campusvirtual.ugc.edu.co\/?page_id=1062&#8243;][\/vc_carousel_child][vc_carousel_child][vc_single_image image=&#8221;943&#8243; img_size=&#8221;medium&#8221; alignment=&#8221;center&#8221; onclick=&#8221;custom_link&#8221; link=&#8221;https:\/\/campusvirtual.ugc.edu.co\/?page_id=1104&#8243;][\/vc_carousel_child][vc_carousel_child][vc_single_image image=&#8221;944&#8243; img_size=&#8221;medium&#8221; alignment=&#8221;center&#8221; onclick=&#8221;custom_link&#8221; link=&#8221;https:\/\/campusvirtual.ugc.edu.co\/?page_id=1130&#8243;][\/vc_carousel_child][vc_carousel_child][vc_single_image image=&#8221;942&#8243; img_size=&#8221;medium&#8221; alignment=&#8221;center&#8221; onclick=&#8221;custom_link&#8221; link=&#8221;?page_id=1661&#8243;][\/vc_carousel_child][vc_carousel_child][vc_single_image image=&#8221;945&#8243; img_size=&#8221;medium&#8221; alignment=&#8221;center&#8221; onclick=&#8221;custom_link&#8221; link=&#8221;https:\/\/campusvirtual.ugc.edu.co\/?page_id=1140&#8243;][\/vc_carousel_child][vc_carousel_child][vc_single_image image=&#8221;941&#8243; img_size=&#8221;medium&#8221; alignment=&#8221;center&#8221; onclick=&#8221;custom_link&#8221; link=&#8221;https:\/\/campusvirtual.ugc.edu.co\/?page_id=1172&#8243;][\/vc_carousel_child][\/vc_carousel_parent][\/vc_column_inner][\/vc_row_inner][\/vc_column][\/vc_row][vc_row][vc_column][vc_column_text]\n<h2 style=\"font-family: strawberryblossom; font-size: 60px; text-align: center;\"><span style=\"color: #003300;\">Nuestros Semilleros<\/span><\/h2>\n[\/vc_column_text][vc_column_text]\n<p style=\"text-align: justify;\">Los Semilleros de Investigaci\u00f3n en la Universidad La Gran Colombia son comunidades de aprendizaje en las cuales se fomentan las competencias y la cultura cient\u00edfica en nuestros estudiantes durante el proceso de formaci\u00f3n, forjando ciudadanos cr\u00edticos, innovadores, creativos, integrales y comprometidos socialmente.<\/p>\n[\/vc_column_text][vc_empty_space][vc_row_inner][vc_column_inner width=&#8221;1\/2&#8243;][vc_column_text]\n<h2 style=\"font-family: strawberryblossom; font-size: 40px;\"><span style=\"color: #003300;\">Arquitectura<\/span><\/h2>\n[\/vc_column_text][vc_column_text]\n<p style=\"text-align: justify;\">La Facultad de Arquitectura cuenta con 9 Semilleros de Investigaci\u00f3n en donde nuestros docentes y estudiantes trabajan en diversas tem\u00e1ticas como los bordes urbanos, materiales y sistemas constructivos, valoraci\u00f3n de la arquitectura local, entre otros.<\/p>\n[\/vc_column_text][\/vc_column_inner][vc_column_inner width=&#8221;1\/2&#8243;][vc_column_text]\n<h2 style=\"font-family: strawberryblossom; font-size: 40px;\"><span style=\"color: #003300;\">Ciencias Empresariales<\/span><\/h2>\n[\/vc_column_text][vc_column_text]\n<p style=\"text-align: justify;\">Los integrantes de los 10 Semilleros de Investigaci\u00f3n de la Facultad de Ciencias de la Educaci\u00f3n profundizan en temas como la literatura Bogotana, filosof\u00eda latinoamericana, la articulaci\u00f3n entre las matem\u00e1ticas y la f\u00edsica, la ense\u00f1anza y aprendizaje de las lenguas extranjeras y otros tantos m\u00e1s del campo de la educaci\u00f3n.<\/p>\n[\/vc_column_text][\/vc_column_inner][\/vc_row_inner][vc_row_inner][vc_column_inner width=&#8221;1\/2&#8243;][vc_column_text]\n<h2 style=\"font-family: strawberryblossom; font-size: 40px;\"><span style=\"color: #003300;\">Ciencias de la Educaci\u00f3n<\/span><\/h2>\n[\/vc_column_text][vc_column_text]\n<p style=\"text-align: justify;\">Los estudios y an\u00e1lisis en nuestros 6 Semilleros de Investigaci\u00f3n de la Facultad de Ciencias Empresariales giran en torno al manejo de liquidez, pol\u00edtica monetaria y cambiaria, acuerdos comerciales entre naciones, l\u00f3gica difusa, y otros temas de relevancia nacional e internacional.<\/p>\n[\/vc_column_text][\/vc_column_inner][vc_column_inner width=&#8221;1\/2&#8243;][vc_column_text]\n<h2 style=\"font-family: strawberryblossom; font-size: 40px;\"><span style=\"color: #003300;\">Derecho y Ciencias Pol\u00edticas y Sociales<\/span><\/h2>\n[\/vc_column_text][vc_column_text]\n<p style=\"text-align: justify;\">Nuestros estudiantes y docentes que hacen parte de los 15 Semilleros de Investigaci\u00f3n de la Facultad de Derecho y Ciencias Pol\u00edticas y Sociales generan procesos de discusi\u00f3n y reflexi\u00f3n en las distintas ramas del derecho: Derecho Comercial, Derechos Humanos, Derecho Ambiental, Derecho Privado, Derecho Constitucional, Derecho Penal, as\u00ed como en temas culturales en Am\u00e9rica Latina, las realidades sociojur\u00eddicas, el bioderecho, y muchas otras tem\u00e1ticas de inter\u00e9s.<\/p>\n[\/vc_column_text][\/vc_column_inner][\/vc_row_inner][\/vc_column][\/vc_row][vc_row full_width=&#8221;stretch_row&#8221; parallax_style=&#8221;vcpb-vz-jquery&#8221; bg_type=&#8221;image&#8221; bg_image_new=&#8221;1114&#8243; bg_image_repeat=&#8221;no-repeat&#8221; bg_img_attach=&#8221;fixed&#8221; disable_on_mobile_img_parallax=&#8221;off&#8221;][vc_column width=&#8221;1\/2&#8243;][vc_row_inner][vc_column_inner width=&#8221;1\/2&#8243;][vc_column_text]\n<h3><a href=\"?page_id=2047\"><span style=\"color: #fff;\"><strong>Arquitectura<\/strong><\/span><\/a><\/h3>\n[\/vc_column_text][vc_column_text]<a href=\"?page_id=2047\"><span style=\"color: #ffffff;\">La Valoraci\u00f3n del Paisaje Urbano y Natural&#8230;<\/span><\/a>[\/vc_column_text][\/vc_column_inner][vc_column_inner width=&#8221;1\/2&#8243;][vc_empty_space height=&#8221;20px&#8221;][vc_single_image image=&#8221;1638&#8243; onclick=&#8221;custom_link&#8221; link=&#8221;?page_id=2047&#8243;][\/vc_column_inner][\/vc_row_inner][vc_row_inner][vc_column_inner width=&#8221;1\/2&#8243;][vc_column_text]\n<h3><span style=\"color: #fff;\"><strong>Facultad 1<\/strong><\/span><\/h3>\n[\/vc_column_text][vc_column_text]<span style=\"color: #ffffff;\">Nota introductoria a los semilleros de cada facultad&#8230;<\/span>[\/vc_column_text][\/vc_column_inner][vc_column_inner width=&#8221;1\/2&#8243;][vc_empty_space height=&#8221;20px&#8221;][vc_single_image image=&#8221;1131&#8243;][\/vc_column_inner][\/vc_row_inner][vc_row_inner][vc_column_inner width=&#8221;1\/2&#8243;][vc_column_text]\n<h3><span style=\"color: #fff;\"><strong>Facultad 1<\/strong><\/span><\/h3>\n[\/vc_column_text][vc_column_text]<span style=\"color: #ffffff;\">Nota introductoria a los semilleros de cada facultad&#8230;<\/span>[\/vc_column_text][\/vc_column_inner][vc_column_inner width=&#8221;1\/2&#8243;][vc_empty_space height=&#8221;20px&#8221;][vc_single_image image=&#8221;1131&#8243;][\/vc_column_inner][\/vc_row_inner][\/vc_column][vc_column width=&#8221;1\/2&#8243;][vc_row_inner][vc_column_inner width=&#8221;1\/2&#8243;][vc_column_text]\n<h3><span style=\"color: #fff;\"><strong>Facultad 1<\/strong><\/span><\/h3>\n[\/vc_column_text][vc_column_text]<span style=\"color: #ffffff;\">Nota introductoria a los semilleros de cada facultad&#8230;<\/span>[\/vc_column_text][\/vc_column_inner][vc_column_inner width=&#8221;1\/2&#8243;][vc_empty_space height=&#8221;20px&#8221;][vc_single_image image=&#8221;1131&#8243;][\/vc_column_inner][\/vc_row_inner][vc_row_inner][vc_column_inner width=&#8221;1\/2&#8243;][vc_column_text]\n<h3><span style=\"color: #fff;\"><strong>Facultad 1<\/strong><\/span><\/h3>\n[\/vc_column_text][vc_column_text]<span style=\"color: #ffffff;\">Nota introductoria a los semilleros de cada facultad&#8230;<\/span>[\/vc_column_text][\/vc_column_inner][vc_column_inner width=&#8221;1\/2&#8243;][vc_empty_space height=&#8221;20px&#8221;][vc_single_image image=&#8221;1131&#8243;][\/vc_column_inner][\/vc_row_inner][vc_row_inner][vc_column_inner width=&#8221;1\/2&#8243;][vc_column_text]\n<h3><span style=\"color: #fff;\"><strong>Facultad 1<\/strong><\/span><\/h3>\n[\/vc_column_text][vc_column_text]<span style=\"color: #ffffff;\">Nota introductoria a los semilleros de cada facultad&#8230;<\/span>[\/vc_column_text][\/vc_column_inner][vc_column_inner width=&#8221;1\/2&#8243;][vc_empty_space height=&#8221;20px&#8221;][vc_single_image image=&#8221;1131&#8243;][\/vc_column_inner][\/vc_row_inner][\/vc_column][\/vc_row][vc_row][vc_column][vc_empty_space][vc_column_text]\n<h2 style=\"font-family: strawberryblossom; font-size: 60px; text-align: left;\"><span style=\"color: #003300;\">Empezar en un Semillero<\/span><\/h2>\n[\/vc_column_text][vc_column_text]\u00bfQuieres hacer parte de la comunidad de estudiantes investigadores de la UGC?<br \/>\nSolo debes seguir los siguientes pasos para vincularte a un Semillero de Investigaci\u00f3n:<br \/>\n[\/vc_column_text][vc_column_text]\n<ul>\n<li>Revisa la informaci\u00f3n de los Semilleros de Investigaci\u00f3n activos en tu Facultad o cons\u00faltalo con la Coordinaci\u00f3n de Investigaciones respectiva.<\/li>\n<li>Contacta al l\u00edder del Semillero en el que estas interesado(a) para manifestarle tu intenci\u00f3n de ser un nuevo integrante.<\/li>\n<li>Formaliza tu registro como integrante con el l\u00edder del Semillero.<\/li>\n<li>Participa activamente en las actividades propuestas al interior de cada Semillero (foros, video conferencias, chats, construcci\u00f3n de documentos, revisi\u00f3n de literatura, recolecci\u00f3n y sistematizaci\u00f3n de datos, presentaci\u00f3n de ponencias, etc.)<\/li>\n<\/ul>\n[\/vc_column_text][vc_column_text]<span style=\"color: #003300;\">Bienvenido(a) la aventura de la investigaci\u00f3n en la UGC!!<\/span><\/p>\n<p><span style=\"color: #003300;\">Investigar es una experiencia de vida.<\/span>[\/vc_column_text][vc_empty_space][\/vc_column][\/vc_row][vc_row][vc_column][vc_separator color=&#8221;green&#8221; border_width=&#8221;2&#8243;][\/vc_column][\/vc_row][vc_row][vc_column][vc_column_text]\n<h2 style=\"font-family: strawberryblossom; font-size: 60px; text-align: center;\"><span style=\"color: #003300;\">J\u00f3venes Investigadores<\/span><\/h2>\n[\/vc_column_text][vc_column_text]\n<p style=\"text-align: center;\">El Programa J\u00f3venes Investigadores UGC es una oportunidad dirigida a nuestros egresados o graduados para realizar una pasant\u00eda de investigaci\u00f3n bajo la tutor\u00eda de un Docente Investigador vinculado a uno de los grupos de investigaci\u00f3n institucionales reconocidos por Colciencias, la cual busca el fortalecimiento de una masa cr\u00edtica que sirva para el relevo generacional de los investigadores de nuestra Universidad.<\/p>\n[\/vc_column_text][vc_column_inner width=&#8221;1\/6&#8243;][\/vc_column_inner][vc_empty_space][vc_btn title=&#8221;Ver m\u00e1s&#8221; shape=&#8221;square&#8221; color=&#8221;green&#8221; align=&#8221;center&#8221; link=&#8221;url:%23|||&#8221;][\/vc_column][\/vc_row]\n","protected":false},"excerpt":{"rendered":"<p>[vc_row full_width=&#8221;stretch_row_content&#8221; parallax_style=&#8221;vcpb-vz-jquery&#8221; bg_type=&#8221;image&#8221; bg_image_new=&#8221;1105&#8243; bg_image_repeat=&#8221;no-repeat&#8221; disable_on_mobile_img_parallax=&#8221;off&#8221; el_class=&#8221;section banner&#8221;][vc_column][vc_row_inner][vc_column_inner width=&#8221;1\/6&#8243;][\/vc_column_inner][vc_column_inner width=&#8221;5\/6&#8243;][vc_column_text] Semilleros UGC [\/vc_column_text][vc_empty_space height=&#8221;30px&#8221;][\/vc_column_inner][\/vc_row_inner][\/vc_column][\/vc_row][vc_row][vc_column][vc_row_inner][vc_column_inner][vc_carousel_parent wdo_slide_loop=&#8221;true&#8221; wdo_auto_play=&#8221;true&#8221; wdo_hover_pause=&#8221;true&#8221; wdo_nav_arrows=&#8221;true&#8221; wdo_arrow_color=&#8221;#00893b&#8221; wdo_nav_dots=&#8221;false&#8221; wdo_slidein_animate=&#8221;no-animation&#8221; wdo_slideout_animate=&#8221;no-animation&#8221;][vc_carousel_child][vc_single_image image=&#8221;940&#8243; img_size=&#8221;medium&#8221; alignment=&#8221;center&#8221; onclick=&#8221;custom_link&#8221; link=&#8221;https:\/\/campusvirtual.ugc.edu.co\/?page_id=1062&#8243;][\/vc_carousel_child][vc_carousel_child][vc_single_image image=&#8221;943&#8243; img_size=&#8221;medium&#8221; alignment=&#8221;center&#8221; onclick=&#8221;custom_link&#8221; link=&#8221;https:\/\/campusvirtual.ugc.edu.co\/?page_id=1104&#8243;][\/vc_carousel_child][vc_carousel_child][vc_single_image image=&#8221;944&#8243; img_size=&#8221;medium&#8221; alignment=&#8221;center&#8221; onclick=&#8221;custom_link&#8221; link=&#8221;https:\/\/campusvirtual.ugc.edu.co\/?page_id=1130&#8243;][\/vc_carousel_child][vc_carousel_child][vc_single_image image=&#8221;942&#8243; img_size=&#8221;medium&#8221;&hellip;<\/p>\n","protected":false},"author":1,"featured_media":0,"parent":0,"menu_order":0,"comment_status":"closed","ping_status":"closed","template":"","meta":[],"_links":{"self":[{"href":"https:\/\/campusvirtual.ugc.edu.co\/index.php?rest_route=\/wp\/v2\/pages\/1130"}],"collection":[{"href":"https:\/\/campusvirtual.ugc.edu.co\/index.php?rest_route=\/wp\/v2\/pages"}],"about":[{"href":"https:\/\/campusvirtual.ugc.edu.co\/index.php?rest_route=\/wp\/v2\/types\/page"}],"author":[{"embeddable":true,"href":"https:\/\/campusvirtual.ugc.edu.co\/index.php?rest_route=\/wp\/v2\/users\/1"}],"replies":[{"embeddable":true,"href":"https:\/\/campusvirtual.ugc.edu.co\/index.php?rest_route=%2Fwp%2Fv2%2Fcomments&post=1130"}],"version-history":[{"count":15,"href":"https:\/\/campusvirtual.ugc.edu.co\/index.php?rest_route=\/wp\/v2\/pages\/1130\/revisions"}],"predecessor-version":[{"id":2051,"href":"https:\/\/campusvirtual.ugc.edu.co\/index.php?rest_route=\/wp\/v2\/pages\/1130\/revisions\/2051"}],"wp:attachment":[{"href":"https:\/\/campusvirtual.ugc.edu.co\/index.php?rest_route=%2Fwp%2Fv2%2Fmedia&parent=1130"}],"curies":[{"name":"wp","href":"https:\/\/api.w.org\/{rel}","templated":true}]}}