{"id":1410,"date":"2019-07-15T19:36:23","date_gmt":"2019-07-15T19:36:23","guid":{"rendered":"https:\/\/campusvirtual.ugc.edu.co\/\/?page_id=1410"},"modified":"2019-08-14T09:43:06","modified_gmt":"2019-08-14T14:43:06","slug":"proyeccion-social","status":"publish","type":"page","link":"https:\/\/campusvirtual.ugc.edu.co\/?page_id=1410","title":{"rendered":"Proyecci\u00f3n Social"},"content":{"rendered":"[vc_row bg_type=&#8221;image&#8221; bg_image_new=&#8221;1502&#8243; bg_override=&#8221;full&#8221;][vc_column]<div class=\"vcex-spacing hidden-phone\" style=\"height:400px\"><\/div>[vc_column_text]\n<h2 style=\"font-family: strawberryblossom; font-size: 90px; text-align: left;\"><span style=\"color: #003300;\"><span style=\"color: #ffffff;\">Proyecci\u00f3n Social<\/span> <\/span><\/h2>\n[\/vc_column_text][\/vc_column][\/vc_row][vc_row full_width=&#8221;stretch_row&#8221; el_class=&#8221;section banner&#8221;][vc_column][vc_carousel_parent wdo_slides_on_desk=&#8221;4&#8243; wdo_slide_loop=&#8221;true&#8221; wdo_auto_play=&#8221;true&#8221; wdo_hover_pause=&#8221;true&#8221; wdo_nav_arrows=&#8221;true&#8221; wdo_arrow_bg_color=&#8221;#ffffff&#8221; wdo_arrow_color=&#8221;#009640&#8243; wdo_dots_color=&#8221;#009640&#8243; wdo_slidein_animate=&#8221;no-animation&#8221; wdo_slideout_animate=&#8221;no-animation&#8221;][vc_carousel_child][vc_single_image image=&#8221;2175&#8243; alignment=&#8221;center&#8221; onclick=&#8221;custom_link&#8221; link=&#8221;?page_id=1416&#8243;][\/vc_carousel_child][vc_carousel_child][vc_single_image image=&#8221;2177&#8243; alignment=&#8221;center&#8221; onclick=&#8221;custom_link&#8221; link=&#8221;?page_id=1455&#8243;][\/vc_carousel_child][vc_carousel_child][vc_single_image image=&#8221;2178&#8243; alignment=&#8221;center&#8221; onclick=&#8221;custom_link&#8221; link=&#8221;?page_id=1455&#8243;][\/vc_carousel_child][vc_carousel_child][vc_single_image image=&#8221;2176&#8243; alignment=&#8221;center&#8221; onclick=&#8221;custom_link&#8221; link=&#8221;?page_id=1455&#8243;][\/vc_carousel_child][\/vc_carousel_parent][\/vc_column][\/vc_row][vc_row][vc_column][vc_separator color=&#8221;green&#8221; border_width=&#8221;3&#8243;][vc_column_text]\n<h2 style=\"font-family: strawberryblossom; font-size: 50px; text-align: center;\"><span style=\"color: #003300;\">Direcci\u00f3n de Proyecci\u00f3n Social<br \/>\n<\/span><\/h2>\n[\/vc_column_text][vc_column_text]\n<p style=\"text-align: center;\">La Proyecci\u00f3n Social es una de las funciones misionales de la Universidad que tiene como fin la interacci\u00f3n e integraci\u00f3n de los procesos acad\u00e9micos e investigativos con el entorno, desarrollando estrategias enfocadas en la transferencia de conocimiento, fomento del \u00a0emprendimiento e innovaci\u00f3n, proyectos de voluntariado y atenci\u00f3n a graduados, consolidando relaciones interinstitucionales generadas a partir de din\u00e1micas de articulaci\u00f3n permanente con los diferentes sectores y liderando programas que impactan las comunidades y promuevan la Responsabilidad Social \u00a0Universitaria.<\/p>\n[\/vc_column_text][\/vc_column][\/vc_row]\n","protected":false},"excerpt":{"rendered":"<p>[vc_row bg_type=&#8221;image&#8221; bg_image_new=&#8221;1502&#8243; bg_override=&#8221;full&#8221;][vc_column][vc_column_text] Proyecci\u00f3n Social [\/vc_column_text][\/vc_column][\/vc_row][vc_row full_width=&#8221;stretch_row&#8221; el_class=&#8221;section banner&#8221;][vc_column][vc_carousel_parent wdo_slides_on_desk=&#8221;4&#8243; wdo_slide_loop=&#8221;true&#8221; wdo_auto_play=&#8221;true&#8221; wdo_hover_pause=&#8221;true&#8221; wdo_nav_arrows=&#8221;true&#8221; wdo_arrow_bg_color=&#8221;#ffffff&#8221; wdo_arrow_color=&#8221;#009640&#8243; wdo_dots_color=&#8221;#009640&#8243; wdo_slidein_animate=&#8221;no-animation&#8221; wdo_slideout_animate=&#8221;no-animation&#8221;][vc_carousel_child][vc_single_image image=&#8221;2175&#8243; alignment=&#8221;center&#8221; onclick=&#8221;custom_link&#8221; link=&#8221;?page_id=1416&#8243;][\/vc_carousel_child][vc_carousel_child][vc_single_image image=&#8221;2177&#8243; alignment=&#8221;center&#8221; onclick=&#8221;custom_link&#8221; link=&#8221;?page_id=1455&#8243;][\/vc_carousel_child][vc_carousel_child][vc_single_image image=&#8221;2178&#8243; alignment=&#8221;center&#8221; onclick=&#8221;custom_link&#8221; link=&#8221;?page_id=1455&#8243;][\/vc_carousel_child][vc_carousel_child][vc_single_image image=&#8221;2176&#8243; alignment=&#8221;center&#8221; onclick=&#8221;custom_link&#8221; link=&#8221;?page_id=1455&#8243;][\/vc_carousel_child][\/vc_carousel_parent][\/vc_column][\/vc_row][vc_row][vc_column][vc_separator color=&#8221;green&#8221; border_width=&#8221;3&#8243;][vc_column_text] Direcci\u00f3n de&hellip;<\/p>\n","protected":false},"author":1,"featured_media":0,"parent":0,"menu_order":0,"comment_status":"closed","ping_status":"closed","template":"","meta":[],"_links":{"self":[{"href":"https:\/\/campusvirtual.ugc.edu.co\/index.php?rest_route=\/wp\/v2\/pages\/1410"}],"collection":[{"href":"https:\/\/campusvirtual.ugc.edu.co\/index.php?rest_route=\/wp\/v2\/pages"}],"about":[{"href":"https:\/\/campusvirtual.ugc.edu.co\/index.php?rest_route=\/wp\/v2\/types\/page"}],"author":[{"embeddable":true,"href":"https:\/\/campusvirtual.ugc.edu.co\/index.php?rest_route=\/wp\/v2\/users\/1"}],"replies":[{"embeddable":true,"href":"https:\/\/campusvirtual.ugc.edu.co\/index.php?rest_route=%2Fwp%2Fv2%2Fcomments&post=1410"}],"version-history":[{"count":14,"href":"https:\/\/campusvirtual.ugc.edu.co\/index.php?rest_route=\/wp\/v2\/pages\/1410\/revisions"}],"predecessor-version":[{"id":2192,"href":"https:\/\/campusvirtual.ugc.edu.co\/index.php?rest_route=\/wp\/v2\/pages\/1410\/revisions\/2192"}],"wp:attachment":[{"href":"https:\/\/campusvirtual.ugc.edu.co\/index.php?rest_route=%2Fwp%2Fv2%2Fmedia&parent=1410"}],"curies":[{"name":"wp","href":"https:\/\/api.w.org\/{rel}","templated":true}]}}