{"id":1416,"date":"2019-07-15T19:46:58","date_gmt":"2019-07-15T19:46:58","guid":{"rendered":"https:\/\/campusvirtual.ugc.edu.co\/\/?page_id=1416"},"modified":"2020-03-05T09:45:35","modified_gmt":"2020-03-05T14:45:35","slug":"centro-de-atencion-a-graduados","status":"publish","type":"page","link":"https:\/\/campusvirtual.ugc.edu.co\/?page_id=1416","title":{"rendered":"Centro de Atenci\u00f3n a Graduados"},"content":{"rendered":"[vc_row full_width=&#8221;stretch_row_content&#8221; parallax_style=&#8221;vcpb-vz-jquery&#8221; bg_type=&#8221;image&#8221; bg_image_new=&#8221;2186&#8243; bg_image_repeat=&#8221;no-repeat&#8221; disable_on_mobile_img_parallax=&#8221;off&#8221; el_class=&#8221;section banner&#8221;][vc_column]<div class=\"vcex-spacing hidden-phone\" style=\"height:550px\"><\/div>[\/vc_column][\/vc_row][vc_row][vc_column][vc_carousel_parent wdo_slides_on_mob=&#8221;1&#8243; wdo_slide_loop=&#8221;true&#8221; wdo_auto_play=&#8221;true&#8221; wdo_hover_pause=&#8221;true&#8221; wdo_nav_arrows=&#8221;true&#8221; wdo_arrow_bg_color=&#8221;#81d742&#8243; wdo_slidein_animate=&#8221;no-animation&#8221; wdo_slideout_animate=&#8221;no-animation&#8221; wdo_slides_scroll=&#8221;1&#8243;][vc_carousel_child][vc_hoverbox image=&#8221;1418&#8243; primary_title=&#8221;VIVE LA UGC&#8221; primary_title_font_container=&#8221;font_size:15|color:%23ffffff&#8221; primary_title_google_fonts=&#8221;font_family:Roboto%3A100%2C100italic%2C300%2C300italic%2Cregular%2Citalic%2C500%2C500italic%2C700%2C700italic%2C900%2C900italic|font_style:400%20regular%3A400%3Anormal&#8221; hover_title=&#8221;&#8221; shape=&#8221;square&#8221; hover_background_color=&#8221;custom&#8221; hover_btn_title=&#8221;Ver m\u00e1s&#8221; hover_btn_shape=&#8221;square&#8221; hover_btn_color=&#8221;green&#8221; hover_btn_align=&#8221;center&#8221; use_custom_fonts_primary_title=&#8221;true&#8221; hover_add_button=&#8221;true&#8221; hover_custom_background=&#8221;#006400&#8243; hover_btn_link=&#8221;url:%3Fpage_id%3D1416%2F%231565793904653-1fa8b212-b1d5|||&#8221;]\n<ul>\n<li style=\"text-align: left;\">Alianzas Comerciales<\/li>\n<li style=\"text-align: left;\">Beneficios Institucionales<\/li>\n<\/ul>\n[\/vc_hoverbox][\/vc_carousel_child][vc_carousel_child][vc_hoverbox image=&#8221;1424&#8243; primary_title=&#8221;ACTIVIDADES\/EVENTOS&#8221; primary_title_font_container=&#8221;font_size:15|color:%23ffffff&#8221; primary_title_google_fonts=&#8221;font_family:Roboto%3A100%2C100italic%2C300%2C300italic%2Cregular%2Citalic%2C500%2C500italic%2C700%2C700italic%2C900%2C900italic|font_style:400%20regular%3A400%3Anormal&#8221; hover_title=&#8221;&#8221; shape=&#8221;square&#8221; hover_background_color=&#8221;custom&#8221; hover_btn_title=&#8221;Ver m\u00e1s&#8221; hover_btn_shape=&#8221;square&#8221; hover_btn_color=&#8221;green&#8221; hover_btn_align=&#8221;center&#8221; use_custom_fonts_primary_title=&#8221;true&#8221; hover_add_button=&#8221;true&#8221; hover_custom_background=&#8221;#006400&#8243; hover_btn_link=&#8221;url:%3Fpage_id%3D1416%2F1565795061506-8ba6de3c-f19b|||&#8221;]\n<ul>\n<li>UGC Conecta<\/li>\n<li>Feria Laboral<\/li>\n<li>Recomendaciones para participar<\/li>\n<li>Encuentros<\/li>\n<li>Ruedas negocio<\/li>\n<\/ul>\n[\/vc_hoverbox][\/vc_carousel_child][vc_carousel_child][vc_hoverbox image=&#8221;1425&#8243; primary_title=&#8221;EMPLEABILIDAD&#8221; primary_title_font_container=&#8221;font_size:15|color:%23ffffff&#8221; primary_title_google_fonts=&#8221;font_family:Roboto%3A100%2C100italic%2C300%2C300italic%2Cregular%2Citalic%2C500%2C500italic%2C700%2C700italic%2C900%2C900italic|font_style:400%20regular%3A400%3Anormal&#8221; hover_title=&#8221;&#8221; shape=&#8221;square&#8221; hover_background_color=&#8221;custom&#8221; hover_btn_title=&#8221;Ver m\u00e1s&#8221; hover_btn_shape=&#8221;square&#8221; hover_btn_color=&#8221;green&#8221; hover_btn_align=&#8221;center&#8221; use_custom_fonts_primary_title=&#8221;true&#8221; hover_add_button=&#8221;true&#8221; hover_custom_background=&#8221;#006400&#8243; hover_btn_link=&#8221;url:%3Fpage_id%3D1416%2F1565795617256-ac4c1486-1140|||&#8221;]\n<ul>\n<li>Bolsa de Empleo<\/li>\n<li>Recomendaciones<\/li>\n<li>Aparta tu cita para HV y Entrevista<\/li>\n<li>LinkedIn<\/li>\n<\/ul>\n[\/vc_hoverbox][\/vc_carousel_child][vc_carousel_child][vc_hoverbox image=&#8221;1418&#8243; primary_title=&#8221;POSGRADOS&#8221; primary_title_font_container=&#8221;font_size:15|color:%23ffffff&#8221; primary_title_google_fonts=&#8221;font_family:Roboto%3A100%2C100italic%2C300%2C300italic%2Cregular%2Citalic%2C500%2C500italic%2C700%2C700italic%2C900%2C900italic|font_style:400%20regular%3A400%3Anormal&#8221; hover_title=&#8221;&#8221; shape=&#8221;square&#8221; hover_background_color=&#8221;custom&#8221; hover_btn_title=&#8221;Ver m\u00e1s&#8221; use_custom_fonts_primary_title=&#8221;true&#8221; hover_add_button=&#8221;true&#8221; hover_custom_background=&#8221;#006400&#8243; hover_btn_link=&#8221;url:%3Fpage_id%3D1416%2F1565795835075-1402c876-80a6|||&#8221;][\/vc_hoverbox][\/vc_carousel_child][vc_carousel_child][vc_hoverbox image=&#8221;1425&#8243; primary_title=&#8221;MOMENTOS EMOTIVOS DE GRADOS&#8221; primary_title_font_container=&#8221;font_size:15|color:%23ffffff&#8221; primary_title_google_fonts=&#8221;font_family:Roboto%3A100%2C100italic%2C300%2C300italic%2Cregular%2Citalic%2C500%2C500italic%2C700%2C700italic%2C900%2C900italic|font_style:400%20regular%3A400%3Anormal&#8221; hover_title=&#8221;&#8221; shape=&#8221;square&#8221; hover_background_color=&#8221;custom&#8221; hover_btn_title=&#8221;Ver momentos&#8221; use_custom_fonts_primary_title=&#8221;true&#8221; hover_add_button=&#8221;true&#8221; hover_custom_background=&#8221;#006400&#8243; primary_title_link=&#8221;url:%3Fpage_id%3D1416%2F%231565793904548-32b3c8c7-9f7f|||&#8221; hover_btn_link=&#8221;url:%3Fpage_id%3D1416%2F%231565793904548-32b3c8c7-9f7f|||&#8221;][\/vc_hoverbox][\/vc_carousel_child][vc_carousel_child][vc_hoverbox image=&#8221;1427&#8243; primary_title=&#8221;APOYO EMPRESARIAL&#8221; primary_title_font_container=&#8221;font_size:15|color:%23ffffff&#8221; primary_title_google_fonts=&#8221;font_family:Roboto%3A100%2C100italic%2C300%2C300italic%2Cregular%2Citalic%2C500%2C500italic%2C700%2C700italic%2C900%2C900italic|font_style:400%20regular%3A400%3Anormal&#8221; hover_title=&#8221;&#8221; shape=&#8221;square&#8221; hover_background_color=&#8221;custom&#8221; use_custom_fonts_primary_title=&#8221;true&#8221; hover_add_button=&#8221;true&#8221; hover_custom_background=&#8221;#006400&#8243; hover_btn_link=&#8221;url:%3Fpage_id%3D1416%2F1565796523832-c770f9f4-ce10|||&#8221;]\n<ul>\n<li>Directorio de Empresario<\/li>\n<\/ul>\n[\/vc_hoverbox][\/vc_carousel_child][vc_carousel_child][vc_hoverbox image=&#8221;1424&#8243; primary_title=&#8221;OBSERVATORIO LABORAL&#8221; primary_title_font_container=&#8221;font_size:15|color:%23ffffff&#8221; primary_title_google_fonts=&#8221;font_family:Roboto%3A100%2C100italic%2C300%2C300italic%2Cregular%2Citalic%2C500%2C500italic%2C700%2C700italic%2C900%2C900italic|font_style:400%20regular%3A400%3Anormal&#8221; hover_title=&#8221;&#8221; shape=&#8221;square&#8221; hover_background_color=&#8221;custom&#8221; hover_btn_title=&#8221;Ver m\u00e1s&#8221; use_custom_fonts_primary_title=&#8221;true&#8221; hover_add_button=&#8221;true&#8221; hover_custom_background=&#8221;#006400&#8243; hover_btn_link=&#8221;url:%3Fpage_id%3D1416%2F1565796803444-803ce5e6-0c63|||&#8221;][\/vc_hoverbox][\/vc_carousel_child][\/vc_carousel_parent][\/vc_column][\/vc_row][vc_row full_width=&#8221;stretch_row&#8221; parallax_style=&#8221;vcpb-vz-jquery&#8221; bg_type=&#8221;image&#8221; bg_image_new=&#8221;1222&#8243; bg_image_repeat=&#8221;no-repeat&#8221; parallax_sense=&#8221;45&#8243; bg_override=&#8221;full&#8221; disable_on_mobile_img_parallax=&#8221;off&#8221;][vc_column][vc_column_text]\n<h2 style=\"font-family: strawberryblossom; font-size: 70px;\"><span style=\"color: #ffffff;\">Momentos Emotivos<\/span><\/h2>\n[\/vc_column_text][vc_empty_space height=&#8221;30px&#8221;][\/vc_column][\/vc_row][vc_row][vc_column][vc_tta_accordion color=&#8221;green&#8221; active_section=&#8221;1&#8243;][vc_tta_section title=&#8221;Momentos Emotivos de Grados&#8221; tab_id=&#8221;1565793904548-32b3c8c7-9f7f&#8221;][vc_masonry_media_grid grid_id=&#8221;vc_gid:1583419503848-45550cec-c49c-2&#8243; include=&#8221;1435,1436,1437,1438,1441,1442,1443,1444,1445,1446,1447&#8243;][\/vc_tta_section][vc_tta_section title=&#8221;Vive la UGC&#8221; tab_id=&#8221;1565793904653-1fa8b212-b1d5&#8243;][vc_row_inner][vc_column_inner width=&#8221;1\/2&#8243;][vc_column_text]Accede a los siguientes servicios y beneficios con tu carn\u00e9 de graduado.[\/vc_column_text][vc_column_text]Con tu carn\u00e9 vigente podr\u00e1s obtener los siguientes beneficios con nuestras alianzas institucionales:<\/p>\n<p>Carnetizaci\u00f3n virtual para acceder a las instalaciones de la universidad, convenios\u00a0 y alianzas\u00a0estrat\u00e9gicas exclusivas para graduados.[\/vc_column_text][vc_column_text]\n<ul>\n<li>Smart Training Society SAS &#8211; 10% de descuento en los programas de<\/li>\n<li>idiomas.<\/li>\n<li>El Espectador &#8211; 15% de descuento en la suscripci\u00f3n al diario el Espectador.<\/li>\n<li>&#8211; 15% de descuento en la suscripci\u00f3n de la revista cromos.<\/li>\n<li>\u00d3ptica Colvisi\u00f3n &#8211; 20% de descuento en productos y servicios.<\/li>\n<li>El Tiempo<\/li>\n<li>ASEIA &#8211; 15% descuento del sobre los programas de capacitaci\u00f3n.<\/li>\n<li>Estrategias persona empresa y futuro S.A.S &#8211; Descuento del 30% sobre los<\/li>\n<li>siguientes programas y talleres.<\/li>\n<li>Artes y espect\u00e1culos &#8211; Precios especiales en valor de boleter\u00eda en taquilla,<\/li>\n<li>con descuentos del 40%, en teatro empresarial y teatro infantil.<\/li>\n<li>Emermedica &#8211; 30% de descuento en afiliaci\u00f3n domiciliaria<\/li>\n<\/ul>\n[\/vc_column_text][\/vc_column_inner][vc_column_inner width=&#8221;1\/2&#8243;][vc_column_text]\n<p style=\"text-align: center;\"><span style=\"color: #003300; font-size: 21px;\"><b><i>Alianzas<\/i><\/b><\/span><\/p>\n[\/vc_column_text][\/vc_column_inner][\/vc_row_inner][\/vc_tta_section][vc_tta_section title=&#8221;Actividades y Eventos&#8221; tab_id=&#8221;1565795061506-8ba6de3c-f19b&#8221;][vc_row_inner][vc_column_inner width=&#8221;1\/2&#8243;][vc_column_text]<b>NETWORKING <\/b><b>UGCCONECTA<\/b>[\/vc_column_text][vc_column_text]Plataforma para aumentar capital relacional, compartir ideas, proyectos y hacer negocios.<\/p>\n<p>Registra tu emprendimiento, empresa y participa en el networking m\u00e1s importante de la UGC que se lleva a cabo en el segundo semestre del a\u00f1o.[\/vc_column_text][vc_single_image image=&#8221;2197&#8243; alignment=&#8221;center&#8221;][\/vc_column_inner][vc_column_inner width=&#8221;1\/2&#8243;][vc_column_text]<b>FERIA LABORAL UGC<br \/>\n<\/b>[\/vc_column_text][vc_column_text]Promovemos la vinculaci\u00f3n de los grancolombianos en el mercado laboral a trav\u00e9s del JOBUGC, la feria laboral que se lleva a cabo en el mes de abril.<br \/>\n[\/vc_column_text][vc_single_image image=&#8221;2198&#8243; alignment=&#8221;center&#8221;][\/vc_column_inner][\/vc_row_inner][\/vc_tta_section][vc_tta_section title=&#8221;EMPLEABILIDAD&#8221; tab_id=&#8221;1565795617256-ac4c1486-1140&#8243;][vc_single_image image=&#8221;2200&#8243; alignment=&#8221;center&#8221;][vc_btn title=&#8221;Bolsa de Empleo&#8221; color=&#8221;green&#8221; align=&#8221;center&#8221; link=&#8221;url:http%3A%2F%2Fbolsadeempleo.ugc.edu.co||target:%20_blank|&#8221;][\/vc_tta_section][vc_tta_section title=&#8221;Especializaciones, Maestr\u00edas y Formaci\u00f3n Continuada&#8221; tab_id=&#8221;1565795835075-1402c876-80a6&#8243;][vc_column_text]Presentando tu carn\u00e9 de graduado obt\u00e9n un hasta 20% de descuento en nuestros estudios de postgrados y formaci\u00f3n continuada.[\/vc_column_text][vc_column_text]Mayor informaci\u00f3n en cada Facultad.[\/vc_column_text][vc_single_image image=&#8221;2201&#8243; alignment=&#8221;center&#8221;][\/vc_tta_section][vc_tta_section title=&#8221;Apoyo Empresarial&#8221; tab_id=&#8221;1565796523832-c770f9f4-ce10&#8243;][vc_column_text]\n<p style=\"text-align: center;\"><strong>\u00bfTIENES UNA IDEA DE NEGOCIO, EMPRENDIMIENTO O NECESITAS FORTALECER TU EMPRESA YA CONSTITUIDA?<\/strong><\/p>\n[\/vc_column_text][vc_separator color=&#8221;green&#8221; border_width=&#8221;2&#8243;][vc_column_text]\n<p style=\"text-align: center;\">El Centro de Innovaci\u00f3n y Talento \u2013 CIT te apoya<\/p>\n<p style=\"text-align: center;\">Correo: cit@ugc.edu<\/p>\n<p style=\"text-align: center;\">Tel\u00e9fono: 3276999 extensiones: 1036<\/p>\n<p style=\"text-align: center;\">Direcci\u00f3n: Carrera 5 N\u00b0 12B &#8211; 49<\/p>\n[\/vc_column_text][\/vc_tta_section][vc_tta_section title=&#8221;Observatorio Laboral&#8221; tab_id=&#8221;1565796803444-803ce5e6-0c63&#8243;][vc_column_text]<span style=\"font-size: 18px;\"><b>\u00bfEst\u00e1s pr\u00f3ximo a graduarte?<\/b><\/span><\/p>\n<p><span style=\"font-size: 18px;\"><b> \u00bfRecibiste tu t\u00edtulo hace un <\/b><b>a\u00f1o o <\/b><b>cinco a\u00f1os?<\/b><\/span>[\/vc_column_text]<div class=\"vcex-spacing\" style=\"height:10px\"><\/div>[vc_column_text]Diligencia la encuesta del Observatorio Laboral para la Educaci\u00f3n OLE \u2013 Ministerio de Educaci\u00f3n Nacional.<\/p>\n<p>De esta manera podremos conocer tu trayectoria como graduado grancolombiano en aras de la mejora continua.<\/p>\n<p>Solo te tomar\u00e1 unos minutos, adem\u00e1s por diligenciarla quedar\u00e1s registrado para participar en diferentes sorteos y otros beneficios.[\/vc_column_text]<div class=\"vcex-spacing\" style=\"height:10px\"><\/div>[vc_btn title=&#8221;Diligenciar Encuesta&#8221; color=&#8221;green&#8221; align=&#8221;center&#8221; link=&#8221;url:http%3A%2F%2Fencuestasole.mineducacion.gov.co%2Fhecaa-encuestas%2Findex.jsf||target:%20_blank|&#8221;][vc_single_image image=&#8221;2202&#8243; alignment=&#8221;center&#8221; onclick=&#8221;custom_link&#8221; img_link_target=&#8221;_blank&#8221; link=&#8221;http:\/\/encuestasole.mineducacion.gov.co\/hecaa-encuestas\/index.jsf&#8221;][\/vc_tta_section][\/vc_tta_accordion][\/vc_column][\/vc_row]\n","protected":false},"excerpt":{"rendered":"<p>[vc_row full_width=&#8221;stretch_row_content&#8221; parallax_style=&#8221;vcpb-vz-jquery&#8221; bg_type=&#8221;image&#8221; bg_image_new=&#8221;2186&#8243; bg_image_repeat=&#8221;no-repeat&#8221; disable_on_mobile_img_parallax=&#8221;off&#8221; el_class=&#8221;section banner&#8221;][vc_column][\/vc_column][\/vc_row][vc_row][vc_column][vc_carousel_parent wdo_slides_on_mob=&#8221;1&#8243; wdo_slide_loop=&#8221;true&#8221; wdo_auto_play=&#8221;true&#8221; wdo_hover_pause=&#8221;true&#8221; wdo_nav_arrows=&#8221;true&#8221; wdo_arrow_bg_color=&#8221;#81d742&#8243; wdo_slidein_animate=&#8221;no-animation&#8221; wdo_slideout_animate=&#8221;no-animation&#8221; wdo_slides_scroll=&#8221;1&#8243;][vc_carousel_child][vc_hoverbox image=&#8221;1418&#8243; primary_title=&#8221;VIVE LA UGC&#8221; primary_title_font_container=&#8221;font_size:15|color:%23ffffff&#8221; primary_title_google_fonts=&#8221;font_family:Roboto%3A100%2C100italic%2C300%2C300italic%2Cregular%2Citalic%2C500%2C500italic%2C700%2C700italic%2C900%2C900italic|font_style:400%20regular%3A400%3Anormal&#8221; hover_title=&#8221;&#8221; shape=&#8221;square&#8221; hover_background_color=&#8221;custom&#8221; hover_btn_title=&#8221;Ver m\u00e1s&#8221; hover_btn_shape=&#8221;square&#8221; hover_btn_color=&#8221;green&#8221; hover_btn_align=&#8221;center&#8221; use_custom_fonts_primary_title=&#8221;true&#8221; hover_add_button=&#8221;true&#8221; hover_custom_background=&#8221;#006400&#8243; hover_btn_link=&#8221;url:%3Fpage_id%3D1416%2F%231565793904653-1fa8b212-b1d5|||&#8221;] Alianzas Comerciales Beneficios Institucionales&hellip;<\/p>\n","protected":false},"author":1,"featured_media":0,"parent":0,"menu_order":0,"comment_status":"closed","ping_status":"closed","template":"","meta":[],"_links":{"self":[{"href":"https:\/\/campusvirtual.ugc.edu.co\/index.php?rest_route=\/wp\/v2\/pages\/1416"}],"collection":[{"href":"https:\/\/campusvirtual.ugc.edu.co\/index.php?rest_route=\/wp\/v2\/pages"}],"about":[{"href":"https:\/\/campusvirtual.ugc.edu.co\/index.php?rest_route=\/wp\/v2\/types\/page"}],"author":[{"embeddable":true,"href":"https:\/\/campusvirtual.ugc.edu.co\/index.php?rest_route=\/wp\/v2\/users\/1"}],"replies":[{"embeddable":true,"href":"https:\/\/campusvirtual.ugc.edu.co\/index.php?rest_route=%2Fwp%2Fv2%2Fcomments&post=1416"}],"version-history":[{"count":30,"href":"https:\/\/campusvirtual.ugc.edu.co\/index.php?rest_route=\/wp\/v2\/pages\/1416\/revisions"}],"predecessor-version":[{"id":2283,"href":"https:\/\/campusvirtual.ugc.edu.co\/index.php?rest_route=\/wp\/v2\/pages\/1416\/revisions\/2283"}],"wp:attachment":[{"href":"https:\/\/campusvirtual.ugc.edu.co\/index.php?rest_route=%2Fwp%2Fv2%2Fmedia&parent=1416"}],"curies":[{"name":"wp","href":"https:\/\/api.w.org\/{rel}","templated":true}]}}