{"id":1619,"date":"2019-07-22T17:24:46","date_gmt":"2019-07-22T17:24:46","guid":{"rendered":"https:\/\/campusvirtual.ugc.edu.co\/\/?page_id=1619"},"modified":"2019-08-09T11:10:43","modified_gmt":"2019-08-09T16:10:43","slug":"facultad-de-arquitectura-habitat-tecnologico-y-construccion","status":"publish","type":"page","link":"https:\/\/campusvirtual.ugc.edu.co\/?page_id=1619","title":{"rendered":"Facultad de Arquitectura-H\u00e1bitat tecnol\u00f3gico y construcci\u00f3n"},"content":{"rendered":"[vc_row full_width=&#8221;stretch_row_content&#8221; parallax_style=&#8221;vcpb-vz-jquery&#8221; bg_type=&#8221;image&#8221; bg_image_new=&#8221;1105&#8243; bg_image_repeat=&#8221;no-repeat&#8221; disable_on_mobile_img_parallax=&#8221;off&#8221; el_class=&#8221;section banner&#8221;][vc_column]<div class=\"vcex-spacing visible-phone\" style=\"height:300px\"><\/div>[vc_row_inner][vc_column_inner width=&#8221;1\/6&#8243;][\/vc_column_inner][vc_column_inner width=&#8221;5\/6&#8243;][vc_column_text]\n<h2 style=\"font-family: strawberryblossom; font-size: 60px;\"><span style=\"color: #ffffff;\">H\u00e1bitat tecnol\u00f3gico y construcci\u00f3n<\/span><\/h2>\n[\/vc_column_text][vc_empty_space height=&#8221;30px&#8221;][\/vc_column_inner][\/vc_row_inner][\/vc_column][\/vc_row][vc_row][vc_column][vc_row_inner][vc_column_inner][vc_carousel_parent wdo_slide_loop=&#8221;true&#8221; wdo_auto_play=&#8221;true&#8221; wdo_hover_pause=&#8221;true&#8221; wdo_nav_arrows=&#8221;true&#8221; wdo_arrow_color=&#8221;#00893b&#8221; wdo_nav_dots=&#8221;false&#8221; wdo_slidein_animate=&#8221;no-animation&#8221; wdo_slideout_animate=&#8221;no-animation&#8221;][vc_carousel_child][vc_single_image image=&#8221;940&#8243; img_size=&#8221;medium&#8221; alignment=&#8221;center&#8221; onclick=&#8221;custom_link&#8221; link=&#8221;?page_id=1062&#8243;][\/vc_carousel_child][vc_carousel_child][vc_single_image image=&#8221;943&#8243; img_size=&#8221;medium&#8221; alignment=&#8221;center&#8221; onclick=&#8221;custom_link&#8221; link=&#8221;?page_id=1104&#8243;][\/vc_carousel_child][vc_carousel_child][vc_single_image image=&#8221;944&#8243; img_size=&#8221;medium&#8221; alignment=&#8221;center&#8221; onclick=&#8221;custom_link&#8221; link=&#8221;?page_id=1130&#8243;][\/vc_carousel_child][vc_carousel_child][vc_single_image image=&#8221;942&#8243; img_size=&#8221;medium&#8221; alignment=&#8221;center&#8221; onclick=&#8221;custom_link&#8221; link=&#8221;?page_id=1661&#8243;][\/vc_carousel_child][vc_carousel_child][vc_single_image image=&#8221;945&#8243; img_size=&#8221;medium&#8221; alignment=&#8221;center&#8221; onclick=&#8221;custom_link&#8221; link=&#8221;?page_id=1140&#8243;][\/vc_carousel_child][vc_carousel_child][vc_single_image image=&#8221;941&#8243; img_size=&#8221;medium&#8221; alignment=&#8221;center&#8221; onclick=&#8221;custom_link&#8221; link=&#8221;?page_id=1172&#8243;][\/vc_carousel_child][\/vc_carousel_parent][\/vc_column_inner][\/vc_row_inner][\/vc_column][\/vc_row][vc_row full_width=&#8221;stretch_row&#8221;][vc_column][vc_column_inner width=&#8221;1\/6&#8243;][\/vc_column_inner][vc_empty_space][\/vc_column][\/vc_row][vc_row full_width=&#8221;stretch_row&#8221;][vc_column][vc_column_text]\n<h2 style=\"font-family: strawberryblossom; font-size: 70px; text-align: center;\"><span style=\"color: #003300;\">Facultad de Arquitectura<\/span><\/h2>\n[\/vc_column_text][vc_separator color=&#8221;green&#8221; border_width=&#8221;3&#8243;][vc_column_text]\n<h3><span style=\"color: #003300;\"><strong>H\u00e1bitat tecnol\u00f3gico y construcci\u00f3n<\/strong><\/span><\/h3>\n[\/vc_column_text][vc_column_text]\n<p style=\"text-align: justify;\">El grupo de H\u00e1bitat tecnol\u00f3gico y construcci\u00f3n encamina a partir de procesos investigativos la identificaci\u00f3n de problemas actuales sobre los fen\u00f3menos de riesgo inherentes a la construcci\u00f3n arquitect\u00f3nica, al uso de materiales perjudiciales para la vida humana entre otros, la generaci\u00f3n de soluciones innovadoras que garanticen el mejoramiento de la calidad del h\u00e1bitat, la conservaci\u00f3n del medio ambiente y la seguridad humana creando, desarrollando e implementando t\u00e9cnicas y tecnolog\u00edas aplicadas a nuevos y mejores procesos constructivos.<\/p>\n[\/vc_column_text][\/vc_column][\/vc_row][vc_row full_width=&#8221;stretch_row&#8221;][vc_column width=&#8221;1\/3&#8243;][vc_single_image image=&#8221;1121&#8243;][vc_empty_space][\/vc_column][vc_column width=&#8221;1\/3&#8243;][vc_column_text]\n<h3><span style=\"color: #003300;\"><strong>\u00c1reas de inter\u00e9s<\/strong><\/span><\/h3>\n[\/vc_column_text][vc_column_text]\n<ul>\n<li>Aspectos t\u00e9cnicos y constructivos de la edificaci\u00f3n<\/li>\n<li>Gesti\u00f3n del riesgo de desastres<\/li>\n<li>Patolog\u00eda de la construcci\u00f3n y la edificaci\u00f3n<\/li>\n<li>materiales alternativos<\/li>\n<li>H\u00e1bitat y territorio sustentable<\/li>\n<li>Estructuras y suelos<\/li>\n<\/ul>\n[\/vc_column_text][\/vc_column][\/vc_row][vc_row full_width=&#8221;stretch_row&#8221; parallax_style=&#8221;vcpb-vz-jquery&#8221; bg_type=&#8221;image&#8221; bg_image_new=&#8221;1114&#8243; bg_image_repeat=&#8221;no-repeat&#8221; bg_img_attach=&#8221;fixed&#8221; disable_on_mobile_img_parallax=&#8221;off&#8221;][vc_column width=&#8221;1\/2&#8243;][vc_row_inner][vc_column_inner width=&#8221;1\/2&#8243;][vc_column_text]\n<h3><span style=\"color: #fff;\"><strong>Erwin Zambrano Mart\u00ednez<\/strong><\/span><\/h3>\n[\/vc_column_text][vc_column_text]<span style=\"color: #ffffff;\">Texto descriptivo investigador&#8230;<\/span>[\/vc_column_text][\/vc_column_inner][vc_column_inner width=&#8221;1\/2&#8243;][vc_empty_space height=&#8221;20px&#8221;][vc_single_image image=&#8221;1121&#8243;][\/vc_column_inner][\/vc_row_inner][vc_row_inner][vc_column_inner width=&#8221;1\/2&#8243;][vc_column_text]\n<h3><span style=\"color: #fff;\"><strong>Liliana Roc\u00edo Pati\u00f1o Le\u00f3n<\/strong><\/span><\/h3>\n[\/vc_column_text][vc_column_text]<span style=\"color: #ffffff;\">Texto descriptivo investigador&#8230;<\/span>[\/vc_column_text][\/vc_column_inner][vc_column_inner width=&#8221;1\/2&#8243;][vc_empty_space height=&#8221;20px&#8221;][vc_single_image image=&#8221;1121&#8243;][\/vc_column_inner][\/vc_row_inner][vc_row_inner][vc_column_inner width=&#8221;1\/2&#8243;][vc_column_text]\n<h3><span style=\"color: #fff;\"><strong>Mar\u00eda Clara Villamizar Berm\u00fadez<\/strong><\/span><\/h3>\n[\/vc_column_text][vc_column_text]<span style=\"color: #ffffff;\">Texto descriptivo investigador&#8230;<\/span>[\/vc_column_text][\/vc_column_inner][vc_column_inner width=&#8221;1\/2&#8243;][vc_empty_space height=&#8221;20px&#8221;][vc_single_image image=&#8221;1121&#8243;][\/vc_column_inner][\/vc_row_inner][\/vc_column][vc_column width=&#8221;1\/2&#8243;][vc_row_inner][vc_column_inner width=&#8221;1\/2&#8243;][vc_column_text]\n<h3><span style=\"color: #fff;\"><strong>Jos\u00e9 Alcides Ruiz Hern\u00e1ndez <\/strong><\/span><\/h3>\n[\/vc_column_text][vc_column_text]<span style=\"color: #ffffff;\">Texto descriptivo investigador&#8230;<\/span>[\/vc_column_text][\/vc_column_inner][vc_column_inner width=&#8221;1\/2&#8243;][vc_empty_space height=&#8221;20px&#8221;][vc_single_image image=&#8221;1121&#8243;][\/vc_column_inner][\/vc_row_inner][vc_row_inner][vc_column_inner width=&#8221;1\/2&#8243;][vc_column_text]\n<h3><span style=\"color: #fff;\"><strong>Manuel Fernando Mart\u00ednez Forero<\/strong><\/span><\/h3>\n[\/vc_column_text][vc_column_text]<span style=\"color: #ffffff;\">Texto descriptivo investigador&#8230;<\/span>[\/vc_column_text][\/vc_column_inner][vc_column_inner width=&#8221;1\/2&#8243;][vc_empty_space height=&#8221;20px&#8221;][vc_single_image image=&#8221;1121&#8243;][\/vc_column_inner][\/vc_row_inner][vc_row_inner][vc_column_inner width=&#8221;1\/2&#8243;][vc_column_text]\n<h3><span style=\"color: #fff;\"><strong>Olga Luc\u00eda Vanegas Alfonso <\/strong><\/span><\/h3>\n[\/vc_column_text][vc_column_text]<span style=\"color: #ffffff;\">Texto descriptivo investigador&#8230;<\/span>[\/vc_column_text][\/vc_column_inner][vc_column_inner width=&#8221;1\/2&#8243;][vc_empty_space height=&#8221;20px&#8221;][vc_single_image image=&#8221;1121&#8243;][\/vc_column_inner][\/vc_row_inner][\/vc_column][\/vc_row][vc_row][vc_column][vc_column_text]\n<h2 style=\"font-family: strawberryblossom; font-size: 50px; text-align: center;\"><span style=\"color: #003300;\">Nuestros Intereses<\/span><\/h2>\n[\/vc_column_text][vc_separator color=&#8221;green&#8221; border_width=&#8221;2&#8243;][vc_empty_space][vc_btn title=&#8221;Ver m\u00e1s&#8221; shape=&#8221;square&#8221; color=&#8221;green&#8221; align=&#8221;center&#8221; link=&#8221;url:https%3A%2F%2Fcampusvirtual.ugc.edu.co%2Fgrupos-e-intereses%2F|title:Grupos%20e%20Intereses||&#8221;][\/vc_column][\/vc_row]\n","protected":false},"excerpt":{"rendered":"<p>[vc_row full_width=&#8221;stretch_row_content&#8221; parallax_style=&#8221;vcpb-vz-jquery&#8221; bg_type=&#8221;image&#8221; bg_image_new=&#8221;1105&#8243; bg_image_repeat=&#8221;no-repeat&#8221; disable_on_mobile_img_parallax=&#8221;off&#8221; el_class=&#8221;section banner&#8221;][vc_column][vc_row_inner][vc_column_inner width=&#8221;1\/6&#8243;][\/vc_column_inner][vc_column_inner width=&#8221;5\/6&#8243;][vc_column_text] H\u00e1bitat tecnol\u00f3gico y construcci\u00f3n [\/vc_column_text][vc_empty_space height=&#8221;30px&#8221;][\/vc_column_inner][\/vc_row_inner][\/vc_column][\/vc_row][vc_row][vc_column][vc_row_inner][vc_column_inner][vc_carousel_parent wdo_slide_loop=&#8221;true&#8221; wdo_auto_play=&#8221;true&#8221; wdo_hover_pause=&#8221;true&#8221; wdo_nav_arrows=&#8221;true&#8221; wdo_arrow_color=&#8221;#00893b&#8221; wdo_nav_dots=&#8221;false&#8221; wdo_slidein_animate=&#8221;no-animation&#8221; wdo_slideout_animate=&#8221;no-animation&#8221;][vc_carousel_child][vc_single_image image=&#8221;940&#8243; img_size=&#8221;medium&#8221; alignment=&#8221;center&#8221; onclick=&#8221;custom_link&#8221; link=&#8221;?page_id=1062&#8243;][\/vc_carousel_child][vc_carousel_child][vc_single_image image=&#8221;943&#8243; img_size=&#8221;medium&#8221; alignment=&#8221;center&#8221; onclick=&#8221;custom_link&#8221; link=&#8221;?page_id=1104&#8243;][\/vc_carousel_child][vc_carousel_child][vc_single_image image=&#8221;944&#8243; img_size=&#8221;medium&#8221; alignment=&#8221;center&#8221; onclick=&#8221;custom_link&#8221; link=&#8221;?page_id=1130&#8243;][\/vc_carousel_child][vc_carousel_child][vc_single_image&hellip;<\/p>\n","protected":false},"author":1,"featured_media":0,"parent":0,"menu_order":0,"comment_status":"closed","ping_status":"closed","template":"","meta":[],"_links":{"self":[{"href":"https:\/\/campusvirtual.ugc.edu.co\/index.php?rest_route=\/wp\/v2\/pages\/1619"}],"collection":[{"href":"https:\/\/campusvirtual.ugc.edu.co\/index.php?rest_route=\/wp\/v2\/pages"}],"about":[{"href":"https:\/\/campusvirtual.ugc.edu.co\/index.php?rest_route=\/wp\/v2\/types\/page"}],"author":[{"embeddable":true,"href":"https:\/\/campusvirtual.ugc.edu.co\/index.php?rest_route=\/wp\/v2\/users\/1"}],"replies":[{"embeddable":true,"href":"https:\/\/campusvirtual.ugc.edu.co\/index.php?rest_route=%2Fwp%2Fv2%2Fcomments&post=1619"}],"version-history":[{"count":4,"href":"https:\/\/campusvirtual.ugc.edu.co\/index.php?rest_route=\/wp\/v2\/pages\/1619\/revisions"}],"predecessor-version":[{"id":1969,"href":"https:\/\/campusvirtual.ugc.edu.co\/index.php?rest_route=\/wp\/v2\/pages\/1619\/revisions\/1969"}],"wp:attachment":[{"href":"https:\/\/campusvirtual.ugc.edu.co\/index.php?rest_route=%2Fwp%2Fv2%2Fmedia&parent=1619"}],"curies":[{"name":"wp","href":"https:\/\/api.w.org\/{rel}","templated":true}]}}