{"id":1621,"date":"2019-07-22T17:32:18","date_gmt":"2019-07-22T17:32:18","guid":{"rendered":"https:\/\/campusvirtual.ugc.edu.co\/\/?page_id=1621"},"modified":"2019-08-09T11:23:07","modified_gmt":"2019-08-09T16:23:07","slug":"facultad-de-ciencias-de-la-educacion-educacion-y-pedagogia","status":"publish","type":"page","link":"https:\/\/campusvirtual.ugc.edu.co\/?page_id=1621","title":{"rendered":"Facultad de Ciencias de la Educaci\u00f3n Educaci\u00f3n y Pedagog\u00eda"},"content":{"rendered":"[vc_row full_width=&#8221;stretch_row_content&#8221; parallax_style=&#8221;vcpb-vz-jquery&#8221; bg_type=&#8221;image&#8221; bg_image_new=&#8221;1105&#8243; bg_image_repeat=&#8221;no-repeat&#8221; disable_on_mobile_img_parallax=&#8221;off&#8221; el_class=&#8221;section banner&#8221;][vc_column]<div class=\"vcex-spacing\" style=\"height:300px\"><\/div>[vc_row_inner][vc_column_inner width=&#8221;1\/6&#8243;][\/vc_column_inner][vc_column_inner width=&#8221;5\/6&#8243;][vc_column_text]\n<h2 style=\"font-family: strawberryblossom; font-size: 60px;\"><span style=\"color: #ffffff;\">Facultad de Ciencias de la Educaci\u00f3n Educaci\u00f3n y Pedagog\u00eda<\/span><\/h2>\n[\/vc_column_text][vc_empty_space height=&#8221;30px&#8221;][\/vc_column_inner][\/vc_row_inner][\/vc_column][\/vc_row][vc_row][vc_column][vc_row_inner][vc_column_inner][vc_carousel_parent wdo_slide_loop=&#8221;true&#8221; wdo_auto_play=&#8221;true&#8221; wdo_hover_pause=&#8221;true&#8221; wdo_nav_arrows=&#8221;true&#8221; wdo_arrow_color=&#8221;#00893b&#8221; wdo_nav_dots=&#8221;false&#8221; wdo_slidein_animate=&#8221;no-animation&#8221; wdo_slideout_animate=&#8221;no-animation&#8221;][vc_carousel_child][vc_single_image image=&#8221;940&#8243; img_size=&#8221;medium&#8221; alignment=&#8221;center&#8221; onclick=&#8221;custom_link&#8221; link=&#8221;?page_id=1062&#8243;][\/vc_carousel_child][vc_carousel_child][vc_single_image image=&#8221;943&#8243; img_size=&#8221;medium&#8221; alignment=&#8221;center&#8221; onclick=&#8221;custom_link&#8221; link=&#8221;?page_id=1104&#8243;][\/vc_carousel_child][vc_carousel_child][vc_single_image image=&#8221;944&#8243; img_size=&#8221;medium&#8221; alignment=&#8221;center&#8221; onclick=&#8221;custom_link&#8221; link=&#8221;?page_id=1130&#8243;][\/vc_carousel_child][vc_carousel_child][vc_single_image image=&#8221;942&#8243; img_size=&#8221;medium&#8221; alignment=&#8221;center&#8221; onclick=&#8221;custom_link&#8221; link=&#8221;?page_id=1661&#8243;][\/vc_carousel_child][vc_carousel_child][vc_single_image image=&#8221;945&#8243; img_size=&#8221;medium&#8221; alignment=&#8221;center&#8221; onclick=&#8221;custom_link&#8221; link=&#8221;?page_id=1140&#8243;][\/vc_carousel_child][vc_carousel_child][vc_single_image image=&#8221;941&#8243; img_size=&#8221;medium&#8221; alignment=&#8221;center&#8221; onclick=&#8221;custom_link&#8221; link=&#8221;?page_id=1172&#8243;][\/vc_carousel_child][\/vc_carousel_parent][\/vc_column_inner][\/vc_row_inner][\/vc_column][\/vc_row][vc_row full_width=&#8221;stretch_row&#8221;][vc_column][vc_column_text]\n<h2 style=\"font-family: strawberryblossom; font-size: 50px; text-align: center;\"><span style=\"color: #003300;\">Facultad de Ciencias de la Educaci\u00f3n<\/span><\/h2>\n[\/vc_column_text][vc_column_text]\n<h3 style=\"text-align: center;\"><strong>Educaci\u00f3n y Pedagog\u00eda<\/strong><\/h3>\n[\/vc_column_text][vc_row_inner][vc_column_inner width=&#8221;1\/6&#8243;][\/vc_column_inner][vc_column_inner width=&#8221;2\/3&#8243;][vc_column_text]\n<p style=\"text-align: justify;\">El grupo Educaci\u00f3n y Pedagog\u00eda busca a partir de proyectos de investigaci\u00f3n generar evidencia que permita entender y comprender c\u00f3mo desde la pr\u00e1xis pedag\u00f3gica se desarrollan los procesos de ense\u00f1anza-aprendizaje y el rol que tiene el docente para la construcci\u00f3n de conocimiento, para lograr desde la sistematizaci\u00f3n de experiencias proponer a la sociedad, curr\u00edculos innovadores, estrategias para educaci\u00f3n de calidad y nuevas pr\u00e1cticas pedag\u00f3gicas que se ajusten a la realidad sociocultural del pa\u00eds atendiendo las pol\u00edticas educativas y a las disposiciones de ley vigentes.<\/p>\n[\/vc_column_text][\/vc_column_inner][vc_column_inner width=&#8221;1\/6&#8243;][\/vc_column_inner][\/vc_row_inner][vc_empty_space][\/vc_column][\/vc_row][vc_row full_width=&#8221;stretch_row&#8221;][vc_column width=&#8221;1\/3&#8243;][vc_single_image image=&#8221;1121&#8243;][vc_empty_space][\/vc_column][vc_column width=&#8221;1\/3&#8243;][vc_column_text]\n<h3><span style=\"color: #003300;\"><strong>\u00c1reas de inter\u00e9s<\/strong><\/span><\/h3>\n[\/vc_column_text][vc_column_text]\n<ul>\n<li>Educaci\u00f3n<\/li>\n<li>Pol\u00edtica educativa<\/li>\n<li>Ense\u00f1anza<\/li>\n<li>Curr\u00edculo<\/li>\n<li>Historia<\/li>\n<li>Filosof\u00eda<\/li>\n<\/ul>\n[\/vc_column_text][\/vc_column][\/vc_row][vc_row full_width=&#8221;stretch_row&#8221; parallax_style=&#8221;vcpb-vz-jquery&#8221; bg_type=&#8221;image&#8221; bg_image_new=&#8221;1114&#8243; bg_image_repeat=&#8221;no-repeat&#8221; bg_img_attach=&#8221;fixed&#8221; disable_on_mobile_img_parallax=&#8221;off&#8221;][vc_column width=&#8221;1\/2&#8243;][vc_row_inner][vc_column_inner width=&#8221;1\/2&#8243;][vc_column_text]\n<h3><span style=\"color: #fff;\"><strong>Alexandra Patricia Cantillo Barrera<\/strong><\/span><\/h3>\n[\/vc_column_text][vc_column_text]<span style=\"color: #ffffff;\">Texto descriptivo investigador&#8230;<\/span>[\/vc_column_text][\/vc_column_inner][vc_column_inner width=&#8221;1\/2&#8243;][vc_empty_space height=&#8221;20px&#8221;][vc_single_image image=&#8221;1121&#8243;][\/vc_column_inner][\/vc_row_inner][vc_row_inner][vc_column_inner width=&#8221;1\/2&#8243;][vc_column_text]\n<h3><span style=\"color: #fff;\"><strong>Christian Camilo Villanueva Osorio<\/strong><\/span><\/h3>\n[\/vc_column_text][vc_column_text]<span style=\"color: #ffffff;\">Texto descriptivo investigador&#8230;<\/span>[\/vc_column_text][\/vc_column_inner][vc_column_inner width=&#8221;1\/2&#8243;][vc_empty_space height=&#8221;20px&#8221;][vc_single_image image=&#8221;1121&#8243;][\/vc_column_inner][\/vc_row_inner][vc_row_inner][vc_column_inner width=&#8221;1\/2&#8243;][vc_column_text]\n<h3><span style=\"color: #fff;\"><strong>John Mauricio Sandoval Granados<\/strong><\/span><\/h3>\n[\/vc_column_text][vc_column_text]<span style=\"color: #ffffff;\">Texto descriptivo investigador&#8230;<\/span>[\/vc_column_text][\/vc_column_inner][vc_column_inner width=&#8221;1\/2&#8243;][vc_empty_space height=&#8221;20px&#8221;][vc_single_image image=&#8221;1121&#8243;][\/vc_column_inner][\/vc_row_inner][vc_row_inner][vc_column_inner width=&#8221;1\/2&#8243;][vc_column_text]\n<h3><span style=\"color: #fff;\"><strong>Jos\u00e9 Reinaldo Tibaduiza Cordero<\/strong><\/span><\/h3>\n[\/vc_column_text][vc_column_text]<span style=\"color: #ffffff;\">Texto descriptivo investigador&#8230;<\/span>[\/vc_column_text][\/vc_column_inner][vc_column_inner width=&#8221;1\/2&#8243;][vc_empty_space height=&#8221;20px&#8221;][vc_single_image image=&#8221;1121&#8243;][\/vc_column_inner][\/vc_row_inner][vc_row_inner][vc_column_inner width=&#8221;1\/2&#8243;][vc_column_text]\n<h3><span style=\"color: #fff;\"><strong>Juan Jos\u00e9 Burgos Acosta<\/strong><\/span><\/h3>\n[\/vc_column_text][vc_column_text]<span style=\"color: #ffffff;\">Texto descriptivo investigador&#8230;<\/span>[\/vc_column_text][\/vc_column_inner][vc_column_inner width=&#8221;1\/2&#8243;][vc_empty_space height=&#8221;20px&#8221;][vc_single_image image=&#8221;1121&#8243;][\/vc_column_inner][\/vc_row_inner][vc_row_inner][vc_column_inner width=&#8221;1\/2&#8243;][vc_column_text]\n<h3><span style=\"color: #fff;\"><strong>Martha Soledad Montero Gonz\u00e1lez<\/strong><\/span><\/h3>\n[\/vc_column_text][vc_column_text]<span style=\"color: #ffffff;\">Texto descriptivo investigador&#8230;<\/span>[\/vc_column_text][\/vc_column_inner][vc_column_inner width=&#8221;1\/2&#8243;][vc_empty_space height=&#8221;20px&#8221;][vc_single_image image=&#8221;1121&#8243;][\/vc_column_inner][\/vc_row_inner][vc_row_inner][vc_column_inner width=&#8221;1\/2&#8243;][vc_column_text]\n<h3><span style=\"color: #fff;\"><strong>Tom\u00e1s Felipe Molina Pel\u00e1ez<\/strong><\/span><\/h3>\n[\/vc_column_text][vc_column_text]<span style=\"color: #ffffff;\">Texto descriptivo investigador&#8230;<\/span>[\/vc_column_text][\/vc_column_inner][vc_column_inner width=&#8221;1\/2&#8243;][vc_empty_space height=&#8221;20px&#8221;][vc_single_image image=&#8221;1121&#8243;][\/vc_column_inner][\/vc_row_inner][\/vc_column][vc_column width=&#8221;1\/2&#8243;][vc_row_inner][vc_column_inner width=&#8221;1\/2&#8243;][vc_column_text]\n<h3><span style=\"color: #fff;\"><strong>Ang\u00e9lica Gonz\u00e1lez Otero<\/strong><\/span><\/h3>\n[\/vc_column_text][vc_column_text]<span style=\"color: #ffffff;\">Texto descriptivo investigador&#8230;<\/span>[\/vc_column_text][\/vc_column_inner][vc_column_inner width=&#8221;1\/2&#8243;][vc_empty_space height=&#8221;20px&#8221;][vc_single_image image=&#8221;1121&#8243;][\/vc_column_inner][\/vc_row_inner][vc_row_inner][vc_column_inner width=&#8221;1\/2&#8243;][vc_column_text]\n<h3><span style=\"color: #fff;\"><strong>Fredy Alexander Ayala Herrera<\/strong><\/span><\/h3>\n[\/vc_column_text][vc_column_text]<span style=\"color: #ffffff;\">Texto descriptivo investigador&#8230;<\/span>[\/vc_column_text][\/vc_column_inner][vc_column_inner width=&#8221;1\/2&#8243;][vc_empty_space height=&#8221;20px&#8221;][vc_single_image image=&#8221;1121&#8243;][\/vc_column_inner][\/vc_row_inner][vc_row_inner][vc_column_inner width=&#8221;1\/2&#8243;][vc_column_text]\n<h3><span style=\"color: #fff;\"><strong>Jos\u00e9 de Jes\u00fas Fuentes Combita<\/strong><\/span><\/h3>\n[\/vc_column_text][vc_column_text]<span style=\"color: #ffffff;\">Texto descriptivo investigador&#8230;<\/span>[\/vc_column_text][\/vc_column_inner][vc_column_inner width=&#8221;1\/2&#8243;][vc_empty_space height=&#8221;20px&#8221;][vc_single_image image=&#8221;1121&#8243;][\/vc_column_inner][\/vc_row_inner][vc_row_inner][vc_column_inner width=&#8221;1\/2&#8243;][vc_column_text]\n<h3><span style=\"color: #fff;\"><strong>Juliana del Pilar Santamar\u00eda Vargas<\/strong><\/span><\/h3>\n[\/vc_column_text][vc_column_text]<span style=\"color: #ffffff;\">Texto descriptivo investigador&#8230;<\/span>[\/vc_column_text][\/vc_column_inner][vc_column_inner width=&#8221;1\/2&#8243;][vc_empty_space height=&#8221;20px&#8221;][vc_single_image image=&#8221;1121&#8243;][\/vc_column_inner][\/vc_row_inner][vc_row_inner][vc_column_inner width=&#8221;1\/2&#8243;][vc_column_text]\n<h3><span style=\"color: #fff;\"><strong>Mauricio Betancourt Garc\u00eda<\/strong><\/span><\/h3>\n[\/vc_column_text][vc_column_text]<span style=\"color: #ffffff;\">Texto descriptivo investigador&#8230;<\/span>[\/vc_column_text][\/vc_column_inner][vc_column_inner width=&#8221;1\/2&#8243;][vc_empty_space height=&#8221;20px&#8221;][vc_single_image image=&#8221;1121&#8243;][\/vc_column_inner][\/vc_row_inner][vc_row_inner][vc_column_inner width=&#8221;1\/2&#8243;][vc_column_text]\n<h3><span style=\"color: #fff;\"><strong>Mary Elen Ni\u00f1o Molina <\/strong><\/span><\/h3>\n[\/vc_column_text][vc_column_text]<span style=\"color: #ffffff;\">Texto descriptivo investigador&#8230;<\/span>[\/vc_column_text][\/vc_column_inner][vc_column_inner width=&#8221;1\/2&#8243;][vc_empty_space height=&#8221;20px&#8221;][vc_single_image image=&#8221;1121&#8243;][\/vc_column_inner][\/vc_row_inner][\/vc_column][\/vc_row][vc_row][vc_column][vc_column_text]\n<h2 style=\"font-family: strawberryblossom; font-size: 50px; text-align: center;\"><span style=\"color: #003300;\">Nuestros Intereses<\/span><\/h2>\n[\/vc_column_text][vc_column_text]\n<p style=\"text-align: center;\">Presentaci\u00f3n de tradiciones de investigaci\u00f3n de la UGC (l\u00edneas de investigaci\u00f3n, temas de inter\u00e9s, etc.<\/p>\n[\/vc_column_text][vc_empty_space][vc_btn title=&#8221;Ver m\u00e1s&#8221; shape=&#8221;square&#8221; color=&#8221;green&#8221; align=&#8221;center&#8221; link=&#8221;url:%23|||&#8221;][\/vc_column][\/vc_row]\n","protected":false},"excerpt":{"rendered":"<p>[vc_row full_width=&#8221;stretch_row_content&#8221; parallax_style=&#8221;vcpb-vz-jquery&#8221; bg_type=&#8221;image&#8221; bg_image_new=&#8221;1105&#8243; bg_image_repeat=&#8221;no-repeat&#8221; disable_on_mobile_img_parallax=&#8221;off&#8221; el_class=&#8221;section banner&#8221;][vc_column][vc_row_inner][vc_column_inner width=&#8221;1\/6&#8243;][\/vc_column_inner][vc_column_inner width=&#8221;5\/6&#8243;][vc_column_text] Facultad de Ciencias de la Educaci\u00f3n Educaci\u00f3n y Pedagog\u00eda [\/vc_column_text][vc_empty_space height=&#8221;30px&#8221;][\/vc_column_inner][\/vc_row_inner][\/vc_column][\/vc_row][vc_row][vc_column][vc_row_inner][vc_column_inner][vc_carousel_parent wdo_slide_loop=&#8221;true&#8221; wdo_auto_play=&#8221;true&#8221; wdo_hover_pause=&#8221;true&#8221; wdo_nav_arrows=&#8221;true&#8221; wdo_arrow_color=&#8221;#00893b&#8221; wdo_nav_dots=&#8221;false&#8221; wdo_slidein_animate=&#8221;no-animation&#8221; wdo_slideout_animate=&#8221;no-animation&#8221;][vc_carousel_child][vc_single_image image=&#8221;940&#8243; img_size=&#8221;medium&#8221; alignment=&#8221;center&#8221; onclick=&#8221;custom_link&#8221; link=&#8221;?page_id=1062&#8243;][\/vc_carousel_child][vc_carousel_child][vc_single_image image=&#8221;943&#8243; img_size=&#8221;medium&#8221; alignment=&#8221;center&#8221; onclick=&#8221;custom_link&#8221; link=&#8221;?page_id=1104&#8243;][\/vc_carousel_child][vc_carousel_child][vc_single_image&hellip;<\/p>\n","protected":false},"author":1,"featured_media":0,"parent":0,"menu_order":0,"comment_status":"closed","ping_status":"closed","template":"","meta":[],"_links":{"self":[{"href":"https:\/\/campusvirtual.ugc.edu.co\/index.php?rest_route=\/wp\/v2\/pages\/1621"}],"collection":[{"href":"https:\/\/campusvirtual.ugc.edu.co\/index.php?rest_route=\/wp\/v2\/pages"}],"about":[{"href":"https:\/\/campusvirtual.ugc.edu.co\/index.php?rest_route=\/wp\/v2\/types\/page"}],"author":[{"embeddable":true,"href":"https:\/\/campusvirtual.ugc.edu.co\/index.php?rest_route=\/wp\/v2\/users\/1"}],"replies":[{"embeddable":true,"href":"https:\/\/campusvirtual.ugc.edu.co\/index.php?rest_route=%2Fwp%2Fv2%2Fcomments&post=1621"}],"version-history":[{"count":3,"href":"https:\/\/campusvirtual.ugc.edu.co\/index.php?rest_route=\/wp\/v2\/pages\/1621\/revisions"}],"predecessor-version":[{"id":1972,"href":"https:\/\/campusvirtual.ugc.edu.co\/index.php?rest_route=\/wp\/v2\/pages\/1621\/revisions\/1972"}],"wp:attachment":[{"href":"https:\/\/campusvirtual.ugc.edu.co\/index.php?rest_route=%2Fwp%2Fv2%2Fmedia&parent=1621"}],"curies":[{"name":"wp","href":"https:\/\/api.w.org\/{rel}","templated":true}]}}