{"id":1706,"date":"2019-07-23T16:27:31","date_gmt":"2019-07-23T16:27:31","guid":{"rendered":"https:\/\/campusvirtual.ugc.edu.co\/\/?page_id=1706"},"modified":"2019-08-13T08:50:59","modified_gmt":"2019-08-13T13:50:59","slug":"contratacion-estatal-mooc","status":"publish","type":"page","link":"https:\/\/campusvirtual.ugc.edu.co\/?page_id=1706","title":{"rendered":"Contrataci\u00f3n Estatal-mooc"},"content":{"rendered":"[vc_row full_width=&#8221;stretch_row_content&#8221; bg_type=&#8221;image&#8221; parallax_style=&#8221;vcpb-vz-jquery&#8221; bg_image_new=&#8221;1704&#8243; bg_image_repeat=&#8221;no-repeat&#8221; disable_on_mobile_img_parallax=&#8221;off&#8221; el_class=&#8221;section banner&#8221;][vc_column][vc_empty_space height=&#8221;230px&#8221;][vc_empty_space height=&#8221;200px&#8221;][vc_row_inner][vc_column_inner width=&#8221;1\/6&#8243;][\/vc_column_inner][vc_column_inner width=&#8221;5\/6&#8243;][vc_column_text]\n<h2 style=\"font-family: strawberryblossom; font-size: 60px;\"><span style=\"color: #ffffff;\">Contrataci\u00f3n Estatal<\/span><\/h2>\n[\/vc_column_text][vc_empty_space height=&#8221;30px&#8221;][\/vc_column_inner][\/vc_row_inner][\/vc_column][\/vc_row][vc_row][vc_column][vc_separator color=&#8221;green&#8221; border_width=&#8221;2&#8243;][\/vc_column][\/vc_row][vc_row bg_type=&#8221;image&#8221; parallax_style=&#8221;vcpb-vz-jquery&#8221; bg_image_new=&#8221;1698&#8243; bg_image_repeat=&#8221;no-repeat&#8221; bg_override=&#8221;full&#8221; disable_on_mobile_img_parallax=&#8221;off&#8221;][vc_column][vc_tta_tour color=&#8221;green&#8221; active_section=&#8221;1&#8243;][vc_tta_section title=&#8221;FICHA T\u00c9CNICA MOOC&#8221; tab_id=&#8221;1563891165262-c73b0b80-36af&#8221;][vc_row_inner][vc_column_inner width=&#8221;1\/2&#8243;][vc_empty_space][vc_column_text]<span style=\"color: #003300;\"><strong>Duraci\u00f3n:<\/strong><\/span> 3 semanas<\/p>\n<p><span style=\"color: #003300;\"><strong>Tiempo estimado de trabajo:<\/strong><\/span> 3 horas<\/p>\n<p><strong><span style=\"color: #003300;\">Nivel:<\/span> <\/strong>Intermedio<\/p>\n<p><span style=\"color: #003300;\"><strong>Tema: <\/strong><\/span>Contrataci\u00f3n Estatal<\/p>\n<p><span style=\"color: #003300;\"><strong>Costo: <\/strong><\/span>gratuito (con opci\u00f3n de certificado)[\/vc_column_text][\/vc_column_inner][vc_column_inner width=&#8221;1\/2&#8243;][vc_single_image image=&#8221;1700&#8243; img_size=&#8221;full&#8221; alignment=&#8221;center&#8221;][vc_btn title=&#8221;Ingresar&#8221; shape=&#8221;square&#8221; color=&#8221;green&#8221; align=&#8221;center&#8221; link=&#8221;url:https%3A%2F%2Fmooc.ugc.edu.co%2Flogin%2Findex.php||target:%20_blank|&#8221;][\/vc_column_inner][\/vc_row_inner][\/vc_tta_section][vc_tta_section title=&#8221;GENERALIDADES&#8221; tab_id=&#8221;1563891165290-1b9c1fef-021f&#8221;][vc_column_text]<span style=\"color: #003300;\"><strong>Introducci\u00f3n <\/strong><\/span><\/p>\n<p><span style=\"color: #003300;\"><span style=\"color: #333333;\">Contexto breve de la generalidad del MOOC.<\/span><\/span>[\/vc_column_text][vc_column_text]\n<p style=\"text-align: justify;\">A diferencia de los particulares, la administraci\u00f3n p\u00fablica no tiene intereses propios, su \u00fanica raz\u00f3n de ser para ser fuente de legitimidad, consiste en materializar los fines del Estado mediante la satisfacci\u00f3n de los intereses generales o p\u00fablicos. Para el efecto, la ley atribuye a la administraci\u00f3n un conjunto de poderes y prerrogativas, en virtud de las cuales se adoptan decisiones unilaterales con fuerza jur\u00eddica vinculante, es decir, de obligatorio cumplimiento para aquellos a quienes van dirigidas. No obstante, en ocasiones la administraci\u00f3n tambi\u00e9n necesita de los particulares a efectos de satisfacer las necesidades colectivas y materializar los fines del Estado, esto es, cuando precisa adquirir bienes y servicios, lo cual realiza a trav\u00e9s de la contrataci\u00f3n estatal.<\/p>\n<p>As\u00ed las cosas, el contrato estatal es un instrumento jur\u00eddico puesto al servicio de la administraci\u00f3n p\u00fablica, con el fin de asegurar el cumplimiento de los fines del Estado. Al estar enmarcada la actividad administrativa dentro de los principios de econom\u00eda, eficiencia y eficacia, es preciso que las autoridades p\u00fablicas propendan a la consecuci\u00f3n de dichos fines en una forma ordenada y racional. Siendo m\u00faltiples las necesidades p\u00fablicas y escasos los recursos destinados a su satisfacci\u00f3n, se hace necesario seleccionar las prioridades objetivas hacia las cuales se deben encaminar los esfuerzos del Estado. As\u00ed, la planificaci\u00f3n y su herramienta financiera que es el presupuesto, se convierten en el marco pol\u00edtico de la gesti\u00f3n contractual p\u00fablica (Escobar, 1999, p. 65); y el celoso cuidado de los recursos p\u00fablicos, en el marco \u00e9tico de esta.<\/p>\n<p>Existe un r\u00e9gimen jur\u00eddico especial para los contratos que celebra la administraci\u00f3n, denominado Estatuto General de Contrataci\u00f3n de la Administraci\u00f3n P\u00fablica, el cual se encuentra integrado por las normas vigentes de la Ley 80 de 1993, Ley 361 de 1997, Ley 816 de 2003, Ley 905 de 2004, Ley 996 de 2005, Ley 1150 de 2007, Ley 1450 de 2011, Ley 1474 de 2011, Decreto-Ley 4170 de 2011, Decreto-Ley 19 de 2012, Decreto reglamentario 1510 de 2013, Decreto \u00fanico reglamentario 1082 de 2015, Ley 1882 de 2018 y Decreto 392 de 2018.<\/p>\n<p>Las normas que conforman el Estatuto General de Contrataci\u00f3n de la Administraci\u00f3n P\u00fablica tienen car\u00e1cter preferencial frente a otras normas sobre la materia, excepto frente a normas org\u00e1nicas o estatutarias y rigen para todos los \u00f3rdenes de la administraci\u00f3n, ya sea el nacional o el territorial.<\/p>\n[\/vc_column_text][vc_separator color=&#8221;green&#8221; border_width=&#8221;2&#8243;][vc_column_text]<span style=\"color: #003300;\"><strong>\u00bfPor qu\u00e9 este curso? <\/strong><\/span><\/p>\n<p><span style=\"color: #003300;\"><span style=\"color: #333333;\">Describir la intenci\u00f3n del MOOC y el por qu\u00e9 deber\u00eda realizarse.<\/span><\/span>[\/vc_column_text][vc_column_text]\n<p style=\"text-align: justify;\">En este MOOC de Contrataci\u00f3n Estatal comprender\u00e1 la naturaleza de los contratos que celebra la administraci\u00f3n p\u00fablica, identificar qui\u00e9nes pueden intervenir en los procesos de contrataci\u00f3n estatal, conocer qu\u00e9 aptitudes y calidades deben tener las personas que contratan con el Estado y los distintos procesos y procedimientos que adelantan las entidades estatales para seleccionar a sus contratistas.<\/p>\n[\/vc_column_text][vc_separator color=&#8221;green&#8221; border_width=&#8221;2&#8243;][vc_column_text]<span style=\"color: #003300;\"><strong>\u00bfA qui\u00e9nes va dirigido? <\/strong><\/span><\/p>\n<p><span style=\"color: #003300;\"><span style=\"color: #333333;\">Indicar el p\u00fablico objetivo al cual va dirigido el curso.<\/span><\/span>[\/vc_column_text][vc_column_text]\n<p style=\"text-align: justify;\">Estudiantes o profesionales del Derecho con conocimiento en Contrataci\u00f3n Estatal; y todo aquel que quiera explorar este interesante tema.<\/p>\n[\/vc_column_text][vc_separator color=&#8221;green&#8221; border_width=&#8221;2&#8243;][vc_column_text]<span style=\"color: #003300;\"><strong>\u00bfC\u00f3mo aprobar? <\/strong><\/span><\/p>\n<p><span style=\"color: #003300;\"><span style=\"color: #333333;\">Se informa cu\u00e1l ser\u00e1 la metodolog\u00eda para aprobar el curso y el n\u00famero de horas aproximadas.<\/span><\/span>[\/vc_column_text][vc_column_text]\n<p style=\"text-align: justify;\">El curso se aprobar\u00e1 con un 80 % en la evaluaci\u00f3n final.<\/p>\n[\/vc_column_text][vc_separator color=&#8221;green&#8221; border_width=&#8221;2&#8243;][vc_column_text]<span style=\"color: #003300;\"><strong>\u00bfLas pruebas se pueden repetir? <\/strong><\/span><\/p>\n<p><span style=\"color: #003300;\"><span style=\"color: #333333;\">Explicar si ser\u00e1 posible o no repetir las pruebas. <\/span><\/span>[\/vc_column_text][vc_column_text]\n<p style=\"text-align: justify;\">Las pruebas y evaluaciones s\u00ed se pueden repetir, no se desanime en caso de no aprobar, ser\u00e1 la oportunidad para repasar cada concepto.<\/p>\n[\/vc_column_text][\/vc_tta_section][\/vc_tta_tour][\/vc_column][\/vc_row][vc_row][vc_column][vc_separator color=&#8221;green&#8221; border_width=&#8221;2&#8243;][\/vc_column][\/vc_row][vc_row][vc_column][rev_slider_vc alias=&#8221;moocs&#8221;][\/vc_column][\/vc_row]\n","protected":false},"excerpt":{"rendered":"<p>[vc_row full_width=&#8221;stretch_row_content&#8221; bg_type=&#8221;image&#8221; parallax_style=&#8221;vcpb-vz-jquery&#8221; bg_image_new=&#8221;1704&#8243; bg_image_repeat=&#8221;no-repeat&#8221; disable_on_mobile_img_parallax=&#8221;off&#8221; el_class=&#8221;section banner&#8221;][vc_column][vc_empty_space height=&#8221;230px&#8221;][vc_empty_space height=&#8221;200px&#8221;][vc_row_inner][vc_column_inner width=&#8221;1\/6&#8243;][\/vc_column_inner][vc_column_inner width=&#8221;5\/6&#8243;][vc_column_text] Contrataci\u00f3n Estatal [\/vc_column_text][vc_empty_space height=&#8221;30px&#8221;][\/vc_column_inner][\/vc_row_inner][\/vc_column][\/vc_row][vc_row][vc_column][vc_separator color=&#8221;green&#8221; border_width=&#8221;2&#8243;][\/vc_column][\/vc_row][vc_row bg_type=&#8221;image&#8221; parallax_style=&#8221;vcpb-vz-jquery&#8221; bg_image_new=&#8221;1698&#8243; bg_image_repeat=&#8221;no-repeat&#8221; bg_override=&#8221;full&#8221; disable_on_mobile_img_parallax=&#8221;off&#8221;][vc_column][vc_tta_tour color=&#8221;green&#8221; active_section=&#8221;1&#8243;][vc_tta_section title=&#8221;FICHA T\u00c9CNICA MOOC&#8221; tab_id=&#8221;1563891165262-c73b0b80-36af&#8221;][vc_row_inner][vc_column_inner width=&#8221;1\/2&#8243;][vc_empty_space][vc_column_text]Duraci\u00f3n: 3 semanas Tiempo estimado de trabajo: 3 horas&hellip;<\/p>\n","protected":false},"author":1,"featured_media":1644,"parent":0,"menu_order":0,"comment_status":"closed","ping_status":"closed","template":"","meta":[],"_links":{"self":[{"href":"https:\/\/campusvirtual.ugc.edu.co\/index.php?rest_route=\/wp\/v2\/pages\/1706"}],"collection":[{"href":"https:\/\/campusvirtual.ugc.edu.co\/index.php?rest_route=\/wp\/v2\/pages"}],"about":[{"href":"https:\/\/campusvirtual.ugc.edu.co\/index.php?rest_route=\/wp\/v2\/types\/page"}],"author":[{"embeddable":true,"href":"https:\/\/campusvirtual.ugc.edu.co\/index.php?rest_route=\/wp\/v2\/users\/1"}],"replies":[{"embeddable":true,"href":"https:\/\/campusvirtual.ugc.edu.co\/index.php?rest_route=%2Fwp%2Fv2%2Fcomments&post=1706"}],"version-history":[{"count":3,"href":"https:\/\/campusvirtual.ugc.edu.co\/index.php?rest_route=\/wp\/v2\/pages\/1706\/revisions"}],"predecessor-version":[{"id":1991,"href":"https:\/\/campusvirtual.ugc.edu.co\/index.php?rest_route=\/wp\/v2\/pages\/1706\/revisions\/1991"}],"wp:featuredmedia":[{"embeddable":true,"href":"https:\/\/campusvirtual.ugc.edu.co\/index.php?rest_route=\/wp\/v2\/media\/1644"}],"wp:attachment":[{"href":"https:\/\/campusvirtual.ugc.edu.co\/index.php?rest_route=%2Fwp%2Fv2%2Fmedia&parent=1706"}],"curies":[{"name":"wp","href":"https:\/\/api.w.org\/{rel}","templated":true}]}}