{"id":1710,"date":"2019-07-23T16:40:51","date_gmt":"2019-07-23T16:40:51","guid":{"rendered":"https:\/\/campusvirtual.ugc.edu.co\/\/?page_id=1710"},"modified":"2019-08-13T13:21:23","modified_gmt":"2019-08-13T18:21:23","slug":"normas-apa-mooc","status":"publish","type":"page","link":"https:\/\/campusvirtual.ugc.edu.co\/?page_id=1710","title":{"rendered":"Normas APA-mooc"},"content":{"rendered":"[vc_row full_width=&#8221;stretch_row_content&#8221; parallax_style=&#8221;vcpb-vz-jquery&#8221; bg_type=&#8221;image&#8221; bg_image_new=&#8221;1704&#8243; bg_image_repeat=&#8221;no-repeat&#8221; disable_on_mobile_img_parallax=&#8221;off&#8221; el_class=&#8221;section banner&#8221;][vc_column]<div class=\"vcex-spacing hidden-phone\" style=\"height:430px\"><\/div>[vc_row_inner][vc_column_inner width=&#8221;1\/6&#8243;][\/vc_column_inner][vc_column_inner width=&#8221;5\/6&#8243;][vc_column_text]\n<h2 style=\"font-family: strawberryblossom; font-size: 60px;\"><span style=\"color: #ffffff;\">Normas APA<\/span><\/h2>\n[\/vc_column_text][vc_empty_space height=&#8221;30px&#8221;][\/vc_column_inner][\/vc_row_inner][\/vc_column][\/vc_row][vc_row][vc_column][vc_separator color=&#8221;green&#8221; border_width=&#8221;2&#8243;][\/vc_column][\/vc_row][vc_row parallax_style=&#8221;vcpb-vz-jquery&#8221; bg_type=&#8221;image&#8221; bg_image_new=&#8221;1698&#8243; bg_image_repeat=&#8221;no-repeat&#8221; bg_override=&#8221;full&#8221; disable_on_mobile_img_parallax=&#8221;off&#8221;][vc_column][vc_tta_tour color=&#8221;green&#8221; active_section=&#8221;1&#8243;][vc_tta_section title=&#8221;FICHA T\u00c9CNICA MOOC&#8221; tab_id=&#8221;1563891165262-c73b0b80-36af&#8221;][vc_row_inner][vc_column_inner width=&#8221;1\/2&#8243;][vc_empty_space][vc_column_text]<span style=\"color: #003300;\"><strong>Duraci\u00f3n:<\/strong><\/span> 1 semanas<\/p>\n<p><span style=\"color: #003300;\"><strong>Tiempo estimado de trabajo:<\/strong><\/span> 1 hora diaria<br \/>\n<strong><span style=\"color: #003300;\">Nivel:<\/span> <\/strong>b\u00e1sico<\/p>\n<p><span style=\"color: #003300;\"><strong>Tema: <\/strong><\/span>investigaci\u00f3n<\/p>\n<p><span style=\"color: #003300;\"><strong>\u00c1rea: <\/strong><\/span>Todas las \u00e1reas<\/p>\n<p><span style=\"color: #003300;\"><strong>Costo: <\/strong><\/span>gratuito (con opci\u00f3n de certificado)[\/vc_column_text][\/vc_column_inner][vc_column_inner width=&#8221;1\/2&#8243;][vc_single_image image=&#8221;1700&#8243; alignment=&#8221;center&#8221;][vc_btn title=&#8221;Ingresar&#8221; shape=&#8221;square&#8221; color=&#8221;green&#8221; align=&#8221;center&#8221; link=&#8221;url:https%3A%2F%2Fmooc.ugc.edu.co%2Flogin%2Findex.php||target:%20_blank|&#8221;][\/vc_column_inner][\/vc_row_inner][\/vc_tta_section][vc_tta_section title=&#8221;GENERALIDADES&#8221; tab_id=&#8221;1563891165290-1b9c1fef-021f&#8221;][vc_column_text]<span style=\"color: #003300;\"><strong>Introducci\u00f3n <\/strong><\/span><\/p>\n<p><span style=\"color: #003300;\"><span style=\"color: #333333;\">Contexto breve de la generalidad del MOOC.<\/span><\/span>[\/vc_column_text][vc_column_text]\n<p style=\"text-align: justify;\">A lo largo de su vida acad\u00e9mica deber\u00e1 realizar muchas actividades que requieran de su experticia en redacci\u00f3n. Es por ello que debe conocer las pautas esenciales para una correcta citaci\u00f3n. Aqu\u00ed aprender\u00e1 todo lo referente a las Normas APA y su aplicaci\u00f3n en textos acad\u00e9micos.<\/p>\n[\/vc_column_text][vc_separator color=&#8221;green&#8221; border_width=&#8221;2&#8243;][vc_column_text]<span style=\"color: #003300;\"><strong>\u00bfPor qu\u00e9 este curso? <\/strong><\/span><\/p>\n<p><span style=\"color: #003300;\"><span style=\"color: #333333;\">Describir la intenci\u00f3n del MOOC y el por qu\u00e9 deber\u00eda realizarse.<\/span><\/span>[\/vc_column_text][vc_column_text]\n<p style=\"text-align: justify;\">El famoso copy \/ paste hace de las suyas en el mundo acad\u00e9mico, afortunadamente, hoy en d\u00eda, existen herramientas que detectan textos copiados de otros autores.<br \/>\nLa intenci\u00f3n del presente MOOC es conocer las Normas APA para su correcta aplicaci\u00f3n en cualquier texto. As\u00ed que se vale tomar ideas de otras fuentes, pero siempre y cuando le d\u00e9 cr\u00e9dito a su autor.<\/p>\n[\/vc_column_text][vc_separator color=&#8221;green&#8221; border_width=&#8221;2&#8243;][vc_column_text]<span style=\"color: #003300;\"><strong>\u00bfA qui\u00e9nes va dirigido? <\/strong><\/span><\/p>\n<p><span style=\"color: #003300;\"><span style=\"color: #333333;\">Indicar el p\u00fablico objetivo al cual va dirigido el curso.<\/span><\/span>[\/vc_column_text][vc_column_text]\n<p style=\"text-align: justify;\">Nuestro camino en la vida demanda un aprendizaje constante, la premisa debe ser: \u00a1Nunca es tarde para aprender!<br \/>\nAs\u00ed que el presente MOOC va dirigido a estudiantes, profesores, administrativos y todo aquel que desee reforzar o ampliar sus conocimientos en Normas APA.<br \/>\n\u00a1Sean todos bienvenidos!<\/p>\n[\/vc_column_text][vc_separator color=&#8221;green&#8221; border_width=&#8221;2&#8243;][vc_column_text]<span style=\"color: #003300;\"><strong>\u00bfC\u00f3mo aprobar? <\/strong><\/span><\/p>\n<p><span style=\"color: #003300;\"><span style=\"color: #333333;\">Se informa cu\u00e1l ser\u00e1 la metodolog\u00eda para aprobar el curso y el n\u00famero de horas aproximadas.<\/span><\/span>[\/vc_column_text][vc_column_text]\n<p style=\"text-align: justify;\">Aprueba con un puntaje igual o superior al 80 %. Luego puede generar, en formato PDF, el certificado del curso, el cual tiene una duraci\u00f3n aproximada de 2 semanas.<\/p>\n[\/vc_column_text][vc_separator color=&#8221;green&#8221; border_width=&#8221;2&#8243;][vc_column_text]<span style=\"color: #003300;\"><strong>\u00bfLas pruebas se pueden repetir? <\/strong><\/span><\/p>\n<p><span style=\"color: #003300;\"><span style=\"color: #333333;\">Explicar si ser\u00e1 posible o no repetir las pruebas. <\/span><\/span>[\/vc_column_text][vc_column_text]\n<p style=\"text-align: justify;\">No se desanime si inicialmente obtiene un puntaje inferior al 80 %, ya que es posible repetir las pruebas cuantas veces considere para mejorar la calificaci\u00f3n. \u00a1As\u00ed que adelante!<\/p>\n[\/vc_column_text][\/vc_tta_section][\/vc_tta_tour][\/vc_column][\/vc_row][vc_row][vc_column][vc_separator color=&#8221;green&#8221; border_width=&#8221;2&#8243;][\/vc_column][\/vc_row][vc_row][vc_column][rev_slider_vc alias=&#8221;moocs&#8221;][\/vc_column][\/vc_row]\n","protected":false},"excerpt":{"rendered":"<p>[vc_row full_width=&#8221;stretch_row_content&#8221; parallax_style=&#8221;vcpb-vz-jquery&#8221; bg_type=&#8221;image&#8221; bg_image_new=&#8221;1704&#8243; bg_image_repeat=&#8221;no-repeat&#8221; disable_on_mobile_img_parallax=&#8221;off&#8221; el_class=&#8221;section banner&#8221;][vc_column][vc_row_inner][vc_column_inner width=&#8221;1\/6&#8243;][\/vc_column_inner][vc_column_inner width=&#8221;5\/6&#8243;][vc_column_text] Normas APA [\/vc_column_text][vc_empty_space height=&#8221;30px&#8221;][\/vc_column_inner][\/vc_row_inner][\/vc_column][\/vc_row][vc_row][vc_column][vc_separator color=&#8221;green&#8221; border_width=&#8221;2&#8243;][\/vc_column][\/vc_row][vc_row parallax_style=&#8221;vcpb-vz-jquery&#8221; bg_type=&#8221;image&#8221; bg_image_new=&#8221;1698&#8243; bg_image_repeat=&#8221;no-repeat&#8221; bg_override=&#8221;full&#8221; disable_on_mobile_img_parallax=&#8221;off&#8221;][vc_column][vc_tta_tour color=&#8221;green&#8221; active_section=&#8221;1&#8243;][vc_tta_section title=&#8221;FICHA T\u00c9CNICA MOOC&#8221; tab_id=&#8221;1563891165262-c73b0b80-36af&#8221;][vc_row_inner][vc_column_inner width=&#8221;1\/2&#8243;][vc_empty_space][vc_column_text]Duraci\u00f3n: 1 semanas Tiempo estimado de trabajo: 1 hora diaria Nivel:&hellip;<\/p>\n","protected":false},"author":1,"featured_media":1644,"parent":0,"menu_order":0,"comment_status":"closed","ping_status":"closed","template":"","meta":[],"_links":{"self":[{"href":"https:\/\/campusvirtual.ugc.edu.co\/index.php?rest_route=\/wp\/v2\/pages\/1710"}],"collection":[{"href":"https:\/\/campusvirtual.ugc.edu.co\/index.php?rest_route=\/wp\/v2\/pages"}],"about":[{"href":"https:\/\/campusvirtual.ugc.edu.co\/index.php?rest_route=\/wp\/v2\/types\/page"}],"author":[{"embeddable":true,"href":"https:\/\/campusvirtual.ugc.edu.co\/index.php?rest_route=\/wp\/v2\/users\/1"}],"replies":[{"embeddable":true,"href":"https:\/\/campusvirtual.ugc.edu.co\/index.php?rest_route=%2Fwp%2Fv2%2Fcomments&post=1710"}],"version-history":[{"count":4,"href":"https:\/\/campusvirtual.ugc.edu.co\/index.php?rest_route=\/wp\/v2\/pages\/1710\/revisions"}],"predecessor-version":[{"id":2031,"href":"https:\/\/campusvirtual.ugc.edu.co\/index.php?rest_route=\/wp\/v2\/pages\/1710\/revisions\/2031"}],"wp:featuredmedia":[{"embeddable":true,"href":"https:\/\/campusvirtual.ugc.edu.co\/index.php?rest_route=\/wp\/v2\/media\/1644"}],"wp:attachment":[{"href":"https:\/\/campusvirtual.ugc.edu.co\/index.php?rest_route=%2Fwp%2Fv2%2Fmedia&parent=1710"}],"curies":[{"name":"wp","href":"https:\/\/api.w.org\/{rel}","templated":true}]}}