{"id":913,"date":"2019-07-08T14:01:42","date_gmt":"2019-07-08T14:01:42","guid":{"rendered":"https:\/\/campusvirtual.ugc.edu.co\/\/?page_id=913"},"modified":"2019-08-09T09:39:13","modified_gmt":"2019-08-09T14:39:13","slug":"investigaciones-ugc","status":"publish","type":"page","link":"https:\/\/campusvirtual.ugc.edu.co\/?page_id=913","title":{"rendered":"Investigaciones UGC"},"content":{"rendered":"[vc_row full_width=&#8221;stretch_row_content&#8221; parallax_style=&#8221;vcpb-vz-jquery&#8221; bg_type=&#8221;image&#8221; bg_image_new=&#8221;957&#8243; bg_image_repeat=&#8221;no-repeat&#8221; disable_on_mobile_img_parallax=&#8221;off&#8221; el_class=&#8221;section banner&#8221;][vc_column]<div class=\"vcex-spacing hidden-phone\" style=\"height:230px\"><\/div><div class=\"vcex-spacing hidden-phone\" style=\"height:200px\"><\/div>[vc_row_inner][vc_column_inner width=&#8221;1\/6&#8243;][\/vc_column_inner][vc_column_inner width=&#8221;5\/6&#8243;][vc_column_text]\n<h2 style=\"font-family: strawberryblossom; font-size: 60px;\"><span style=\"color: #ffffff;\">Investigaciones UGC<\/span><\/h2>\n[\/vc_column_text][vc_empty_space height=&#8221;30px&#8221;][\/vc_column_inner][\/vc_row_inner][\/vc_column][\/vc_row][vc_row][vc_column][vc_row_inner][vc_column_inner][vc_carousel_parent wdo_slide_loop=&#8221;true&#8221; wdo_auto_play=&#8221;true&#8221; wdo_hover_pause=&#8221;true&#8221; wdo_nav_arrows=&#8221;true&#8221; wdo_arrow_color=&#8221;#00893b&#8221; wdo_nav_dots=&#8221;false&#8221; wdo_slidein_animate=&#8221;no-animation&#8221; wdo_slideout_animate=&#8221;no-animation&#8221;][vc_carousel_child][vc_single_image image=&#8221;940&#8243; img_size=&#8221;medium&#8221; alignment=&#8221;center&#8221; onclick=&#8221;custom_link&#8221; link=&#8221;?page_id=1062&#8243;][\/vc_carousel_child][vc_carousel_child][vc_single_image image=&#8221;943&#8243; img_size=&#8221;medium&#8221; alignment=&#8221;center&#8221; onclick=&#8221;custom_link&#8221; link=&#8221;?page_id=1104&#8243;][\/vc_carousel_child][vc_carousel_child][vc_single_image image=&#8221;944&#8243; img_size=&#8221;medium&#8221; alignment=&#8221;center&#8221; onclick=&#8221;custom_link&#8221; link=&#8221;?page_id=1130&#8243;][\/vc_carousel_child][vc_carousel_child][vc_single_image image=&#8221;942&#8243; img_size=&#8221;medium&#8221; alignment=&#8221;center&#8221; onclick=&#8221;custom_link&#8221; link=&#8221;?page_id=1661&#8243;][\/vc_carousel_child][vc_carousel_child][vc_single_image image=&#8221;945&#8243; img_size=&#8221;medium&#8221; alignment=&#8221;center&#8221; onclick=&#8221;custom_link&#8221; link=&#8221;?page_id=1140&#8243;][\/vc_carousel_child][vc_carousel_child][vc_single_image image=&#8221;941&#8243; img_size=&#8221;medium&#8221; alignment=&#8221;center&#8221; onclick=&#8221;custom_link&#8221; link=&#8221;?page_id=1172&#8243;][\/vc_carousel_child][\/vc_carousel_parent][\/vc_column_inner][\/vc_row_inner][\/vc_column][\/vc_row][vc_row][vc_column][vc_separator color=&#8221;green&#8221; border_width=&#8221;3&#8243;][vc_column_text]\n<h2 style=\"font-family: strawberryblossom; font-size: 50px; text-align: center;\"><span style=\"color: #003300;\">Top UGC<\/span><\/h2>\n[\/vc_column_text][\/vc_column][\/vc_row][vc_row full_width=&#8221;stretch_row_content&#8221;][vc_column width=&#8221;1\/6&#8243;][vc_empty_space height=&#8221;30px&#8221;][\/vc_column][vc_column width=&#8221;1\/2&#8243;][vc_basic_grid post_type=&#8221;post&#8221; max_items=&#8221;4&#8243; element_width=&#8221;6&#8243; gap=&#8221;10&#8243; orderby=&#8221;ID&#8221; item=&#8221;562&#8243; grid_id=&#8221;vc_gid:1565361211644-7f6adf04-8011-7&#8243; taxonomies=&#8221;16&#8243;][\/vc_column][vc_column width=&#8221;1\/4&#8243; css=&#8221;.vc_custom_1562700385399{background-position: center !important;background-repeat: no-repeat !important;background-size: cover !important;border-radius: 1px !important;}&#8221;][vc_column_text]\n<h3 style=\"text-align: center;\"><strong>Datos UGC<\/strong><\/h3>\n[\/vc_column_text][vc_icon icon_fontawesome=&#8221;fa fa-users&#8221; color=&#8221;green&#8221; background_style=&#8221;rounded&#8221; size=&#8221;lg&#8221; align=&#8221;center&#8221; el_class=&#8221;icon&#8221;][vc_column_text el_class=&#8221;stat-title&#8221;]\n<h4 class=\"number\" style=\"text-align: center;\">11 Grupos<\/h4>\n[\/vc_column_text][vc_icon icon_fontawesome=&#8221;fa fa-sitemap&#8221; color=&#8221;green&#8221; background_style=&#8221;rounded&#8221; align=&#8221;center&#8221; el_class=&#8221;icon&#8221;][vc_column_text el_class=&#8221;stat-title&#8221;]\n<h4 class=\"number\" style=\"text-align: center;\">39 Semilleros<\/h4>\n[\/vc_column_text][vc_btn title=&#8221;Ver Datos UGC&#8221; shape=&#8221;square&#8221; color=&#8221;sandy-brown&#8221; align=&#8221;center&#8221; link=&#8221;url:https%3A%2F%2Fcampusvirtual.ugc.edu.co%2Fdatos-ugc%2F|title:Datos%20UGC||&#8221;][\/vc_column][\/vc_row][vc_row parallax_style=&#8221;vcpb-vz-jquery&#8221; bg_type=&#8221;image&#8221; bg_image_new=&#8221;956&#8243; bg_image_repeat=&#8221;no-repeat&#8221; bg_img_attach=&#8221;fixed&#8221; bg_override=&#8221;full&#8221; disable_on_mobile_img_parallax=&#8221;off&#8221;][vc_column][vc_column_text]\n<h2 style=\"font-family: strawberryblossom; font-size: 50px; text-align: center;\"><span style=\"color: #ffffff;\">Nuestros Intereses<\/span><\/h2>\n[\/vc_column_text][vc_row_inner][vc_column_inner width=&#8221;1\/6&#8243;][\/vc_column_inner][vc_column_inner width=&#8221;2\/3&#8243;][vc_column_text]\n<p style=\"text-align: justify;\"><span style=\"color: #ffffff;\">El sis\u00adte\u00adma de In\u00adves\u00adti\u00adga\u00adcio\u00adnes de la Uni\u00adver\u00adsi\u00addad la Gran Co\u00adlom\u00adbia se cons\u00adti\u00adtui\u00adr\u00e1 en el me\u00addiano plazo en un sis\u00adte\u00adma ges\u00adtor de co\u00adno\u00adci\u00admien\u00adto al in\u00adte\u00adrior de la Uni\u00adver\u00adsi\u00addad, que asume el li\u00adde\u00adraz\u00adgo en la cons\u00adtruc\u00adci\u00f3n de alian\u00adzas con la co\u00admu\u00adni\u00addad aca\u00add\u00e9\u00admi\u00adca na\u00adcio\u00adnal e in\u00adter\u00adna\u00adcio\u00adnal y con la so\u00adcie\u00addad civil.<\/span><\/p>\n[\/vc_column_text][\/vc_column_inner][vc_column_inner width=&#8221;1\/6&#8243;][\/vc_column_inner][\/vc_row_inner][vc_btn title=&#8221;Ver m\u00e1s&#8221; shape=&#8221;square&#8221; color=&#8221;green&#8221; align=&#8221;center&#8221; link=&#8221;url:https%3A%2F%2Fcampusvirtual.ugc.edu.co%2Fgrupos-e-intereses%2F|title:Grupos%20e%20Intereses||&#8221;][vc_empty_space][\/vc_column][\/vc_row][vc_row][vc_column][vc_column_text]\n<h2 style=\"font-family: strawberryblossom; font-size: 50px; text-align: center;\"><span style=\"color: #003300;\">Acerca de Nosotros<\/span><\/h2>\n[\/vc_column_text][vc_column_text]\n<p style=\"text-align: justify;\">Para la Universidad La Gran Colombia, se entiende la internacionalizaci\u00f3n como un proceso que promueve, impulsa y fomenta la presencia y visibilidad de la calidad acad\u00e9mica a trav\u00e9s de los acuerdos, alianzas y convenios de cooperaci\u00f3n estrat\u00e9gicos que permiten que la Universidad se pueda integrar con sus pares en otros lugares del mundo, en el contexto de un intercambio educativo cada vez m\u00e1s globalizado.<\/p>\n[\/vc_column_text][vc_empty_space][vc_btn title=&#8221;Ver m\u00e1s&#8221; shape=&#8221;square&#8221; color=&#8221;green&#8221; align=&#8221;center&#8221; link=&#8221;url:https%3A%2F%2Fcampusvirtual.ugc.edu.co%2Fquienes-somos-investigaciones%2F|title:Qui%C3%A9nes%20somos%20%E2%80%93%20investigaciones||&#8221;][vc_column_inner width=&#8221;1\/6&#8243;][\/vc_column_inner][\/vc_column][\/vc_row]\n","protected":false},"excerpt":{"rendered":"<p>[vc_row full_width=&#8221;stretch_row_content&#8221; parallax_style=&#8221;vcpb-vz-jquery&#8221; bg_type=&#8221;image&#8221; bg_image_new=&#8221;957&#8243; bg_image_repeat=&#8221;no-repeat&#8221; disable_on_mobile_img_parallax=&#8221;off&#8221; el_class=&#8221;section banner&#8221;][vc_column][vc_row_inner][vc_column_inner width=&#8221;1\/6&#8243;][\/vc_column_inner][vc_column_inner width=&#8221;5\/6&#8243;][vc_column_text] Investigaciones UGC [\/vc_column_text][vc_empty_space height=&#8221;30px&#8221;][\/vc_column_inner][\/vc_row_inner][\/vc_column][\/vc_row][vc_row][vc_column][vc_row_inner][vc_column_inner][vc_carousel_parent wdo_slide_loop=&#8221;true&#8221; wdo_auto_play=&#8221;true&#8221; wdo_hover_pause=&#8221;true&#8221; wdo_nav_arrows=&#8221;true&#8221; wdo_arrow_color=&#8221;#00893b&#8221; wdo_nav_dots=&#8221;false&#8221; wdo_slidein_animate=&#8221;no-animation&#8221; wdo_slideout_animate=&#8221;no-animation&#8221;][vc_carousel_child][vc_single_image image=&#8221;940&#8243; img_size=&#8221;medium&#8221; alignment=&#8221;center&#8221; onclick=&#8221;custom_link&#8221; link=&#8221;?page_id=1062&#8243;][\/vc_carousel_child][vc_carousel_child][vc_single_image image=&#8221;943&#8243; img_size=&#8221;medium&#8221; alignment=&#8221;center&#8221; onclick=&#8221;custom_link&#8221; link=&#8221;?page_id=1104&#8243;][\/vc_carousel_child][vc_carousel_child][vc_single_image image=&#8221;944&#8243; img_size=&#8221;medium&#8221; alignment=&#8221;center&#8221; onclick=&#8221;custom_link&#8221; link=&#8221;?page_id=1130&#8243;][\/vc_carousel_child][vc_carousel_child][vc_single_image image=&#8221;942&#8243; img_size=&#8221;medium&#8221;&hellip;<\/p>\n","protected":false},"author":1,"featured_media":0,"parent":0,"menu_order":0,"comment_status":"closed","ping_status":"closed","template":"","meta":[],"_links":{"self":[{"href":"https:\/\/campusvirtual.ugc.edu.co\/index.php?rest_route=\/wp\/v2\/pages\/913"}],"collection":[{"href":"https:\/\/campusvirtual.ugc.edu.co\/index.php?rest_route=\/wp\/v2\/pages"}],"about":[{"href":"https:\/\/campusvirtual.ugc.edu.co\/index.php?rest_route=\/wp\/v2\/types\/page"}],"author":[{"embeddable":true,"href":"https:\/\/campusvirtual.ugc.edu.co\/index.php?rest_route=\/wp\/v2\/users\/1"}],"replies":[{"embeddable":true,"href":"https:\/\/campusvirtual.ugc.edu.co\/index.php?rest_route=%2Fwp%2Fv2%2Fcomments&post=913"}],"version-history":[{"count":67,"href":"https:\/\/campusvirtual.ugc.edu.co\/index.php?rest_route=\/wp\/v2\/pages\/913\/revisions"}],"predecessor-version":[{"id":916,"href":"https:\/\/campusvirtual.ugc.edu.co\/index.php?rest_route=\/wp\/v2\/pages\/913\/revisions\/916"}],"wp:attachment":[{"href":"https:\/\/campusvirtual.ugc.edu.co\/index.php?rest_route=%2Fwp%2Fv2%2Fmedia&parent=913"}],"curies":[{"name":"wp","href":"https:\/\/api.w.org\/{rel}","templated":true}]}}